{"id":18797,"date":"2019-10-23T14:51:33","date_gmt":"2019-10-23T12:51:33","guid":{"rendered":"https:\/\/nearshore-it.eu\/de\/?page_id=8018"},"modified":"2022-10-25T12:43:16","modified_gmt":"2022-10-25T10:43:16","slug":"uber-uns","status":"publish","type":"page","link":"https:\/\/nearshore-it.eu\/de\/uber-uns\/","title":{"rendered":"\u00dcber uns"},"content":{"rendered":"\n<div class=\"wp-block-group\"><div class=\"wp-block-group__inner-container is-layout-flow wp-block-group-is-layout-flow\">\n<div class=\"wp-block-group\"><div class=\"wp-block-group__inner-container is-layout-flow wp-block-group-is-layout-flow\">\n<div class=\"wp-block-group\"><div class=\"wp-block-group__inner-container is-layout-flow wp-block-group-is-layout-flow\"><section class=\"banner-hero\">\r\n    <div class=\"image\">\r\n        <img decoding=\"async\" src=\"https:\/\/nearshore-it.eu\/wp-content\/uploads\/2022\/09\/Abstract1.png\" alt=\"\" title=\"\">\r\n    <\/div>\r\n    <div class=\"container\">\r\n        <div class=\"content-box\">\r\n            <div class=\"box\">\r\n\t\t\t\t<p class=\"entry-title\">\u00dcber uns<\/p>\n<h1>Unternehmen mit einem Positiven Digitalen Fluss<\/h1>\n\r\n\t\t\t\t\r\n\t\t\t\t                    <form action=\"\" class=\"newsletter-controller-side\" data-newsletter-media-form-status=\"check\" data-newsletter-media-form=\"container\" method=\"POST\">\r\n                        <input type=\"hidden\" name=\"redirectTo\" value=\"https:\/\/nearshore-it.eu\/de\/danke-seite\/\">\r\n                        <div data-newsletter-media-form=\"loader\" style=\"display: none\">\r\n                            <button href=\"\" class=\"btn btn-red btn-arrow newsletter-processing\">Get access<\/button>\r\n                        <\/div>\r\n                        <div class=\"form-wrapper\" data-newsletter-media-form=\"check\">\r\n                            <div class=\"form-group\">\r\n                                <input class=\"form-jc white\" type=\"email\" name=\"email\" id=\"\" required placeholder=\"\">\r\n                            <\/div>\r\n                            <button type=\"submit\" class=\"btn btn-red btn-arrow\"><\/button>\r\n                        <\/div>\r\n                    <\/form>\r\n\t\t\t\t            <\/div>\r\n        <\/div>\r\n    <\/div>\r\n<\/section><\/div><\/div>\n<\/div><\/div>\n<\/div><\/div>\n\n\n\n<div style=\"height:52px\" aria-hidden=\"true\" class=\"wp-block-spacer\"><\/div>\n\n\n\n<div class=\"wp-block-group container\"><div class=\"wp-block-group__inner-container is-layout-flow wp-block-group-is-layout-flow\">\n<h2 class=\"wp-block-heading\" style=\"font-style:normal;font-weight:700\">IT-firma<\/h2>\n\n\n\n<p>Wir sind ein IT-Unternehmen das Wissen und die F\u00e4higkeiten von 800 Softwareingenieuren, Beratern und Architekten zur Verf\u00fcgung stellt, um eine Reihe von Projekten termingerecht zu realisieren.<\/p>\n<\/div><\/div>\n\n\n\n<div style=\"height:62px\" aria-hidden=\"true\" class=\"wp-block-spacer\"><\/div>\n\n\n<section class=\"ns-numbers\">\n    <div class=\"container\">\n        <div class=\"content\">\n                        <div class=\"item\">\n                <p class=\"number\">28<\/p>\n                <p class=\"text\">L\u00e4nder<\/p>\n            <\/div>\n                        <div class=\"item\">\n                <p class=\"number\">+80<\/p>\n                <p class=\"text\">Kunden<\/p>\n            <\/div>\n                        <div class=\"item\">\n                <p class=\"number\">80%<\/p>\n                <p class=\"text\">Wiederholungskunden<\/p>\n            <\/div>\n                    <\/div>\n    <\/div>\n<\/section>\n\n\n\n<div style=\"height:100px\" aria-hidden=\"true\" class=\"wp-block-spacer\"><\/div>\n\n\n\n<div class=\"wp-block-group container\"><div class=\"wp-block-group__inner-container is-layout-flow wp-block-group-is-layout-flow\">\n<h2 class=\"wp-block-heading\" style=\"font-style:normal;font-weight:700\">Ihr Erfolg ist unser Gesch\u00e4ft<\/h2>\n\n\n\n<p>Dank 17 Jahre Erfahrung in der Unterst\u00fctzung von Unternehmen beim Wachstum, haben wir ein breites Fachwissen und eine bedeutende Anzahl zufriedener Gesch\u00e4ftspartner erworben.<\/p>\n\n\n\n<p><strong>Wir sind bereit, mit Ihnen zusammenzuarbeiten und Ihr Unternehmen voranzutreiben.<\/strong><\/p>\n<\/div><\/div>\n\n\n\n<div style=\"height:100px\" aria-hidden=\"true\" class=\"wp-block-spacer\"><\/div>\n\n\n\n<div class=\"wp-block-group container\"><div class=\"wp-block-group__inner-container is-layout-flow wp-block-group-is-layout-flow\">\n<div class=\"wp-block-columns is-layout-flex wp-container-core-columns-is-layout-9d6595d7 wp-block-columns-is-layout-flex\">\n<div class=\"wp-block-column is-layout-flow wp-block-column-is-layout-flow\">\n<h3 class=\"wp-block-heading\">Partnerschaften<\/h3>\n\n\n\n<p>Inetum hat den Status eines Microsoft Gold Certified Partners in DevOps, Data Analytics, Data Platform, Application Development. Wir sind Teil des Apple Consultant Netzwerks und besitzen auch die Titel von Jamf Gold Partner &amp; Integrator und Snowflake Partner.<\/p>\n\n\n\n<p>Inetum ist auch Mitglied der Global Sourcing Association (GSA), der Chambre De Commerce D\u2019Industrie Polonaise En France und der Software Development Association Poland (SoDA), der Organisation in Polen, die gegenw\u00e4rtig \u00fcber 100 polnische Software Houses vereint.<\/p>\n<\/div>\n\n\n\n<div class=\"wp-block-column is-layout-flow wp-block-column-is-layout-flow\"><\/div>\n<\/div>\n<\/div><\/div>\n\n\n\n<div style=\"height:100px\" aria-hidden=\"true\" class=\"wp-block-spacer\"><\/div>\n\n\n\n<div class=\"wp-block-group container\"><div class=\"wp-block-group__inner-container is-layout-flow wp-block-group-is-layout-flow\">\n<h2 class=\"has-text-align-left wp-block-heading\" style=\"font-style:normal;font-weight:700\">Jetzt sind Sie dran!<\/h2>\n\n\n\n<div style=\"height:25px\" aria-hidden=\"true\" class=\"wp-block-spacer\"><\/div>\n\n\n\n<div class=\"wpcf7 no-js\" id=\"wpcf7-f3916-o1\" lang=\"de-DE\" dir=\"ltr\" data-wpcf7-id=\"3916\">\n<div class=\"screen-reader-response\"><p role=\"status\" aria-live=\"polite\" aria-atomic=\"true\"><\/p> <ul><\/ul><\/div>\n<form action=\"\/de\/wp-json\/wp\/v2\/pages\/18797#wpcf7-f3916-o1\" method=\"post\" class=\"wpcf7-form init cf7mls-no-scroll cf7mls-no-moving-animation\" aria-label=\"Kontaktformular\" novalidate=\"novalidate\" data-status=\"init\">\n<fieldset class=\"hidden-fields-container\"><input type=\"hidden\" name=\"_wpcf7\" value=\"3916\" \/><input type=\"hidden\" name=\"_wpcf7_version\" value=\"6.1.4\" \/><input type=\"hidden\" name=\"_wpcf7_locale\" value=\"de_DE\" \/><input type=\"hidden\" name=\"_wpcf7_unit_tag\" value=\"wpcf7-f3916-o1\" \/><input type=\"hidden\" name=\"_wpcf7_container_post\" value=\"0\" \/><input type=\"hidden\" name=\"_wpcf7_posted_data_hash\" value=\"\" \/>\n<\/fieldset>\n<div class=\"wpcf7-turnstile cf-turnstile\" data-sitekey=\"0x4AAAAAABkoUN4r6_kcZDfV\" data-response-field-name=\"_wpcf7_turnstile_response\"><\/div>\n\n<div class=\"form-group\">\n\t<p><label for=\"contactName\">Name<\/label><span class=\"wpcf7-form-control-wrap\" data-name=\"your-name\"><input size=\"40\" maxlength=\"400\" class=\"wpcf7-form-control wpcf7-text wpcf7-validates-as-required form-jc\" id=\"contactName\" aria-required=\"true\" aria-invalid=\"false\" value=\"\" type=\"text\" name=\"your-name\" \/><\/span>\n\t<\/p>\n<\/div>\n<div class=\"form-group\">\n\t<p><label for=\"contactEmail1\">E-Mail-Adresse<\/label><span class=\"wpcf7-form-control-wrap\" data-name=\"your-email\"><input size=\"40\" maxlength=\"400\" class=\"wpcf7-form-control wpcf7-email wpcf7-validates-as-required wpcf7-text wpcf7-validates-as-email form-jc\" id=\"contactEmail1\" aria-required=\"true\" aria-invalid=\"false\" value=\"\" type=\"email\" name=\"your-email\" \/><\/span>\n\t<\/p>\n<\/div>\n<div class=\"form-group\">\n\t<p><label for=\"contacttel-926\">Telefonnummer<\/label><span class=\"wpcf7-form-control-wrap\" data-name=\"tel-926\"><input size=\"40\" maxlength=\"400\" class=\"wpcf7-form-control wpcf7-tel wpcf7-validates-as-required wpcf7-text wpcf7-validates-as-tel form-jc\" id=\"contacttel-926\" aria-required=\"true\" aria-invalid=\"false\" value=\"\" type=\"tel\" name=\"tel-926\" \/><\/span>\n\t<\/p>\n<\/div>\n<div class=\"form-group\">\n\t<p><label for=\"contactTextarea\">Nachricht<\/label><span class=\"wpcf7-form-control-wrap\" data-name=\"your-message\"><textarea cols=\"40\" rows=\"4\" maxlength=\"2000\" class=\"wpcf7-form-control wpcf7-textarea wpcf7-validates-as-required form-jc\" id=\"contactTextarea\" aria-required=\"true\" aria-invalid=\"false\" name=\"your-message\"><\/textarea><\/span>\n\t<\/p>\n<\/div>\n<div class=\"form-group acceptance\">\n\t<p><span class=\"wpcf7-form-control-wrap\" data-name=\"acceptance-774\"><span class=\"wpcf7-form-control wpcf7-acceptance\"><span class=\"wpcf7-list-item\"><input type=\"checkbox\" name=\"acceptance-774\" value=\"1\" aria-invalid=\"false\" \/><\/span><\/span><\/span> Ich stimme hiermit zu, dass JCommerce Sp. z o.o. meine pers\u00f6nlichen Daten (nachfolgend \"personenbezogene Daten\") wie meinen vollst\u00e4ndigen Namen, meine E-Mail-Adresse, Telefonnummer f\u00fcr kommerzielle Zwecke verarbeitet.\n\t<\/p>\n<\/div>\n<div class=\"form-group acceptance\">\n\t<p><span class=\"wpcf7-form-control-wrap\" data-name=\"acceptance-775\"><span class=\"wpcf7-form-control wpcf7-acceptance\"><span class=\"wpcf7-list-item\"><input type=\"checkbox\" name=\"acceptance-775\" value=\"1\" aria-invalid=\"false\" \/><\/span><\/span><\/span> Ich stimme hiermit zu, dass JCommerce Sp. z o.o. meine pers\u00f6nlichen Daten (nachfolgend \"personenbezogene Daten\") wie meinen vollst\u00e4ndigen Namen, meine E-Mail-Adresse, Telefonnummer f\u00fcr Marketingzwecke verarbeitet.\n\t<\/p>\n<\/div>\n<div class=\"form-group acceptance\">\n\t<p>Ich wurde von JCommerce Sp. z o.o. (mit der Adresse \u015aciegiennego Str. 3, 40-001 Katowice), dem Verantwortlichen f\u00fcr personenbezogene Daten, wie folgt informiert:\n\t<\/p>\n\t<p><span id=\"extraConsentHidden\" class=\"extraConsentHidden\" style=\"display: none\"><br \/>\n- Die Bereitstellung der oben genannten personenbezogenen Daten ist freiwillig, aber f\u00fcr kommerzielle oder Marketingzwecke unerl\u00e4sslich, wenn ich diesbez\u00fcglich meine Einwilligung gegeben habe;<br \/>\n- Ich habe das Recht, auf den Inhalt meiner Daten zuzugreifen, einschlie\u00dflich, um Kopien davon zu erhalten und zu korrigieren, zu l\u00f6schen und die Verarbeitung zu beschr\u00e4nken, sowie das Recht, sie zu \u00fcbertragen, das Recht, der Verarbeitung zu widersprechen und das Recht, meine Zustimmung jederzeit zu widerrufen. Die Zur\u00fccknahme meiner Einwilligung ber\u00fchrt jedoch nicht die Rechtm\u00e4\u00dfigkeit der Verarbeitung, die auf der Grundlage der betreffenden Einwilligung vorgenommen wurde, bevor sie widerrufen wird;<br \/>\n- Eine Erkl\u00e4rung \u00fcber den Widerruf meiner Zustimmung zur Verarbeitung personenbezogener Daten sollte an den Hauptsitz von JCommerce Sp. z o.o. oder an die folgende E-Mail-Adresse gesendet werden: zgody@jcommerce.pl. Die R\u00fccknahme der Einwilligung in die Verarbeitung personenbezogener Daten hat zur Folge, dass die oben genannten Verarbeitungszwecke nicht mehr erf\u00fcllt werden k\u00f6nnen;<br \/>\n- Die angegebenen pers\u00f6nlichen Daten k\u00f6nnen von JCommerce Sp. z o.o. geteilt werden, mit den befugten Mitarbeitern und Einzelpersonen, die mit JCommerce in zivilrechtlichen Vertr\u00e4gen zusammenarbeiten, die an der Umsetzung des Zwecks der Verarbeitung beteiligt sind;<br \/>\n- Die \u00fcbermittelten Daten werden auf der Grundlage der einschl\u00e4gigen Bestimmungen der Verordnung (EU) 2016\/679 des Europ\u00e4ischen Parlaments und des Rates vom 27. April 2016 \u00fcber den Schutz nat\u00fcrlicher Personen bei der Verarbeitung personenbezogener Daten und \u00fcber der freie Verkehr dieser Daten und die Aufhebung der Richtlinie 95\/46\/EG (Datenschutz-Grundverordnung), DSGVO verarbeitet;<br \/>\n- Sollten Sie Fragen zum Schutz Ihrer pers\u00f6nlichen Daten haben, kontaktieren Sie uns bitte per E-Mail: odo@jcommerce.pl;<br \/>\n- Die zur Verf\u00fcgung gestellten personenbezogenen Daten werden so lange verarbeitet, wie es f\u00fcr den Zweck, f\u00fcr den sie geliefert wurden, erforderlich ist, oder bis ich meinen diesbez\u00fcglichen Einwand geltend mache. Im Falle der Einlegung eines Widerspruchs, JCommerce Sp. z o.o. verarbeitet meine personenbezogenen Daten nicht mehr zu den oben genannten Zwecken, es sei denn, sie k\u00f6nnen nachweisen, dass berechtigte Gr\u00fcnde vorliegen, die meine Interessen, Rechte und Freiheiten verletzen, oder meine Daten sind erforderlich, um eine etwaige Forderung zu begr\u00fcnden, zu verfolgen oder zu verteidigen;<br \/>\n- Ich habe das Recht, eine Beschwerde bei der Aufsichtsbeh\u00f6rde einzureichen, wenn ich der Ansicht bin, dass die Verarbeitung der oben genannten personenbezogenen Daten gegen die Bestimmung<br \/>\n<\/span><br \/>\n<a href=\"#extraConsentHidden\" class=\"extraConsentButton\" data-text1=\"Mehr lesen\" data-text2=\"Weniger lesen\">Mehr lesen<\/a><br \/>\n[recaptcha class:recaptcha]\n\t<\/p>\n<\/div>\n<div class=\"form-group\">\n\t<p><input class=\"wpcf7-form-control wpcf7-submit has-spinner btn btn-primary\" type=\"submit\" value=\"Senden\" \/>\n\t<\/p>\n<\/div><div class=\"wpcf7-response-output\" aria-hidden=\"true\"><\/div>\n<\/form>\n<\/div>\n\n<\/div><\/div>\n\n\n\n<div style=\"height:100px\" aria-hidden=\"true\" class=\"wp-block-spacer\"><\/div>\n","protected":false},"excerpt":{"rendered":"<p>IT-firma Wir sind ein IT-Unternehmen das Wissen und die F\u00e4higkeiten von 800 Softwareingenieuren, Beratern und Architekten zur Verf\u00fcgung stellt, um eine Reihe von Projekten termingerecht zu realisieren. Ihr Erfolg ist unser Gesch\u00e4ft Dank 17 Jahre Erfahrung in der Unterst\u00fctzung von Unternehmen beim Wachstum, haben wir ein breites Fachwissen und eine bedeutende Anzahl zufriedener Gesch\u00e4ftspartner erworben. [&hellip;]<\/p>\n","protected":false},"author":1,"featured_media":0,"parent":0,"menu_order":0,"comment_status":"closed","ping_status":"closed","template":"page-new.php","meta":{"_acf_changed":false,"iawp_total_views":116,"footnotes":""},"fupi_page_labels":[],"class_list":["post-18797","page","type-page","status-publish","hentry"],"acf":[],"_links":{"self":[{"href":"https:\/\/nearshore-it.eu\/de\/wp-json\/wp\/v2\/pages\/18797","targetHints":{"allow":["GET"]}}],"collection":[{"href":"https:\/\/nearshore-it.eu\/de\/wp-json\/wp\/v2\/pages"}],"about":[{"href":"https:\/\/nearshore-it.eu\/de\/wp-json\/wp\/v2\/types\/page"}],"author":[{"embeddable":true,"href":"https:\/\/nearshore-it.eu\/de\/wp-json\/wp\/v2\/users\/1"}],"replies":[{"embeddable":true,"href":"https:\/\/nearshore-it.eu\/de\/wp-json\/wp\/v2\/comments?post=18797"}],"version-history":[{"count":5,"href":"https:\/\/nearshore-it.eu\/de\/wp-json\/wp\/v2\/pages\/18797\/revisions"}],"predecessor-version":[{"id":19769,"href":"https:\/\/nearshore-it.eu\/de\/wp-json\/wp\/v2\/pages\/18797\/revisions\/19769"}],"wp:attachment":[{"href":"https:\/\/nearshore-it.eu\/de\/wp-json\/wp\/v2\/media?parent=18797"}],"wp:term":[{"taxonomy":"fupi_page_labels","embeddable":true,"href":"https:\/\/nearshore-it.eu\/de\/wp-json\/wp\/v2\/fupi_page_labels?post=18797"}],"curies":[{"name":"wp","href":"https:\/\/api.w.org\/{rel}","templated":true}]}}