{"id":8022,"date":"2019-10-23T14:57:06","date_gmt":"2019-10-23T12:57:06","guid":{"rendered":"https:\/\/nearshore-it.eu\/de\/?page_id=8022"},"modified":"2022-11-03T11:59:13","modified_gmt":"2022-11-03T10:59:13","slug":"it-dienstleister-spezialisierungen","status":"publish","type":"page","link":"https:\/\/nearshore-it.eu\/de\/it-dienstleister-spezialisierungen\/","title":{"rendered":"Spezialisierungen"},"content":{"rendered":"<section class=\"banner-hero\">\r\n    <div class=\"image\">\r\n        <img decoding=\"async\" src=\"https:\/\/nearshore-it.eu\/wp-content\/uploads\/2019\/01\/blog-nearshore-vs-offshore-_uptodate.jpg\" alt=\"\" title=\"\">\r\n    <\/div>\r\n    <div class=\"container\">\r\n        <div class=\"content-box\">\r\n            <div class=\"box\">\r\n\t\t\t\t<p>IT-DIENSTLEISTER<\/p>\n<h1>Branchenspezialisierungen, die den neusten Anforderungen von der Digitalen Transformation entsprechen<\/h1>\n\r\n\t\t\t\t\r\n\t\t\t\t                    <form action=\"\" class=\"newsletter-controller-side\" data-newsletter-media-form-status=\"check\" data-newsletter-media-form=\"container\" method=\"POST\">\r\n                        <input type=\"hidden\" name=\"redirectTo\" value=\"https:\/\/nearshore-it.eu\/de\/danke-seite\/\">\r\n                        <div data-newsletter-media-form=\"loader\" style=\"display: none\">\r\n                            <button href=\"\" class=\"btn btn-red btn-arrow newsletter-processing\">Get access<\/button>\r\n                        <\/div>\r\n                        <div class=\"form-wrapper\" data-newsletter-media-form=\"check\">\r\n                            <div class=\"form-group\">\r\n                                <input class=\"form-jc white\" type=\"email\" name=\"email\" id=\"\" required placeholder=\"\">\r\n                            <\/div>\r\n                            <button type=\"submit\" class=\"btn btn-red btn-arrow\"><\/button>\r\n                        <\/div>\r\n                    <\/form>\r\n\t\t\t\t            <\/div>\r\n        <\/div>\r\n    <\/div>\r\n<\/section>\r\n\r\n\r\n<div class=\"wp-block-group has-white-color has-text-color has-background\" style=\"background-color:#232d4b\"><div class=\"wp-block-group__inner-container is-layout-flow wp-block-group-is-layout-flow\">\r\n<div style=\"height:80px\" aria-hidden=\"true\" class=\"wp-block-spacer\"><\/div>\r\n\r\n\r\n\r\n<div class=\"wp-block-columns container is-layout-flex wp-container-core-columns-is-layout-9d6595d7 wp-block-columns-is-layout-flex\">\r\n<div class=\"wp-block-column is-layout-flow wp-block-column-is-layout-flow\">\r\n<h2 class=\"wp-block-heading\">Unsere Dienstleistungen sind auf die Bed\u00fcrfnisse spezifischer Branchen zugeschnitten.<\/h2>\r\n<\/div>\r\n\r\n\r\n\r\n<div class=\"wp-block-column is-layout-flow wp-block-column-is-layout-flow\">\r\n<ul class=\"wp-block-list\"><li>FinTech<\/li><li>BioTech<\/li><li>Industry 4.0<\/li><li>E-Commerce<\/li><li>Telekom<\/li><li>IT-Beratung<\/li><\/ul>\r\n<\/div>\r\n<\/div>\r\n\r\n\r\n\r\n<div style=\"height:80px\" aria-hidden=\"true\" class=\"wp-block-spacer\"><\/div>\r\n<\/div><\/div>\r\n\r\n\r\n\r\n<div style=\"height:80px\" aria-hidden=\"true\" class=\"wp-block-spacer\"><\/div>\r\n\r\n\r\n\r\n<div class=\"wp-block-group container\"><div class=\"wp-block-group__inner-container is-layout-flow wp-block-group-is-layout-flow\">\r\n<h2 class=\"wp-block-heading\" id=\"digitale-transformation\">Digitale Transformation <\/h2>\r\n\r\n\r\n\r\n<p><strong>Die Art und Weise, wie Sie Ihren Kunden einen Mehrwert bieten, wird von unseren erfahrenen Analysten und Entwicklern nicht nur unterst\u00fctzt, sondern auch vorangetrieben.<\/strong> <strong> Als strategischer IT-Outsourcing-Partner unterst\u00fctzen wir die digitalen L\u00f6sungen, die das Kundenerlebnis verbessern und die Erwartungen erf\u00fcllen.<\/strong> <\/p>\r\n\r\n\r\n\r\n<div class=\"wp-block-columns has-2-columns is-layout-flex wp-container-core-columns-is-layout-9d6595d7 wp-block-columns-is-layout-flex\">\r\n<div class=\"wp-block-column is-layout-flow wp-block-column-is-layout-flow\">\r\n<h2 class=\"wp-block-heading\" id=\"cloud-dienste-devops\">Cloud Dienste &amp; DevOps<\/h2>\r\n\r\n\r\n\r\n<p>Cloud-Migration\r\nund \u201eCloud-First-Strategie\u201c werden zu einer Anforderung f\u00fcr Unternehmen, die in\r\neiner digital beschleunigten Welt agieren m\u00f6chten.<\/p>\r\n\r\n\r\n\r\n<p>Die Kontrolle \u00fcber\r\ndie Kosten und die F\u00e4higkeit, schnell auf sich \u00e4ndernde Gesch\u00e4ftsumgebungen zu\r\nreagieren, sind nur die Hauptgr\u00fcnde.<\/p>\r\n\r\n\r\n\r\n<p>Wir verwenden die besten<strong> DevOps-Methoden<\/strong>, konfigurieren, optimieren und automatisieren die Softwareentwicklungsumgebung vollst\u00e4ndig. <\/p>\r\n\r\n\r\n\r\n<p>Basierend auf unserer umfassenden Erfahrung auf dem Gebiet der <strong>Cloud-Transformation<\/strong> unterst\u00fctzen wir unsere Kunden in folgenden Bereichen: Cloud-Migration, Entwicklung dedizierter Cloud-Anwendungen, DevOps-Services und Cloud-Hosting-Services. <\/p>\r\n<\/div>\r\n\r\n\r\n\r\n<div class=\"wp-block-column is-layout-flow wp-block-column-is-layout-flow\">\r\n<h2 class=\"wp-block-heading\" id=\"machine-learning-kunstliche-intelligenz\">Machine Learning &amp; K\u00fcnstliche Intelligenz<\/h2>\r\n\r\n\r\n\r\n<p>Algorithmen f\u00fcr maschinelles Lernen verwenden Statistiken, um Muster in gro\u00dfen Datenmengen zu finden und darauf basierende Annahmen zu erstellen. Mit anderen Worten, Machine Learning ist der Prozess, bei dem einem Computersystem beigebracht wird, wie man beim Einspeisen von Daten genaue Vorhersagen trifft, und dies ist nur eine Methode, um k\u00fcnstliche Intelligenz zu erreichen. <\/p>\r\n\r\n\r\n\r\n<p>Unsere Entwicklungsteams erstellen fortschrittliche intelligente L\u00f6sungen mit modernen Methoden des maschinellen Lernens, einschlie\u00dflich <strong>Deep Learning<\/strong>. <\/p>\r\n<\/div>\r\n<\/div>\r\n\r\n\r\n\r\n<div style=\"height:80px\" aria-hidden=\"true\" class=\"wp-block-spacer\"><\/div>\r\n\r\n\r\n\r\n<h3 class=\"has-text-align-center wp-block-heading\">Machen Sie den ersten Schritt, wir erledigen den Rest<\/h3>\r\n\r\n\r\n\r\n<p class=\"has-text-align-center lead\">Wir sind bereit, Ihnen zu helfen<\/p>\r\n\r\n\r\n\r\n<div class=\"wp-block-buttons is-content-justification-center is-layout-flex wp-container-core-buttons-is-layout-16018d1d wp-block-buttons-is-layout-flex\">\r\n<div class=\"wp-block-button btn btn-primary\"><a class=\"wp-block-button__link\" href=\"https:\/\/nearshore-it.eu\/de\/kontakt\/\">Kontaktiere uns<\/a><\/div>\r\n<\/div>\r\n\r\n\r\n\r\n<div style=\"height:80px\" aria-hidden=\"true\" class=\"wp-block-spacer\"><\/div>\r\n\r\n\r\n\r\n<div class=\"wp-block-columns has-2-columns is-layout-flex wp-container-core-columns-is-layout-9d6595d7 wp-block-columns-is-layout-flex\">\r\n<div class=\"wp-block-column is-layout-flow wp-block-column-is-layout-flow\">\r\n<h2 class=\"wp-block-heading\" id=\"kundenspezifische-softwareentwicklung\">Kundenspezifische Softwareentwicklung<\/h2>\r\n\r\n\r\n\r\n<p>Verschiedene Unternehmen ben\u00f6tigen unterschiedliche L\u00f6sungen. Wir erstellen Software,  die auf Ihre Bed\u00fcrfnisse zugeschnitten ist. Wir sind auf  die Entwicklung von dedizierten Systemen und Webanwendungen  spezialisiert.<\/p>\r\n\r\n\r\n\r\n<p>Je  nach Bedarf k\u00f6nnen wir Ihr bestehendes Produkt neu aufbauen und  aktualisieren, eine dedizierte L\u00f6sung von Grund auf neu erstellen oder  bestehende Software ersetzen. Wir bieten <strong>ein komplettes Leistungsspektrum<\/strong> \u2013 von der Analyse, Beratung und Konzeption bis hin zur Entwicklung und Wartung.<\/p>\r\n<\/div>\r\n\r\n\r\n\r\n<div class=\"wp-block-column is-layout-flow wp-block-column-is-layout-flow\">\r\n<h2 class=\"wp-block-heading\" id=\"qualitatssicherung-softwaretests\">Qualit\u00e4tssicherung &amp; Softwaretests<\/h2>\r\n\r\n\r\n\r\n<p>Wir bieten umfassende  Testservices, die \u00fcber die traditionellen Assurance-Services hinausgehen  und alle Ihre bestehenden und zuk\u00fcnftigen Bed\u00fcrfnisse erfassen.<\/p>\r\n\r\n\r\n\r\n<p>\r\n\r\nWir k\u00f6nnen auch eine spezielle  Qualit\u00e4tssicherungs- und Teststrategie f\u00fcr Sie durchf\u00fchren und Managed  Testing Services anbieten, <strong>um die hohe Qualit\u00e4t Ihres Entwicklungsprozesses zu gew\u00e4hrleisten<\/strong> und die Kontrolle \u00fcber das, was entwickelt wird, zu behalten. \r\n\r\n<\/p>\r\n<\/div>\r\n<\/div>\r\n\r\n\r\n\r\n<div class=\"wp-block-columns has-2-columns is-layout-flex wp-container-core-columns-is-layout-9d6595d7 wp-block-columns-is-layout-flex\">\r\n<div class=\"wp-block-column is-layout-flow wp-block-column-is-layout-flow\">\r\n<h2 class=\"wp-block-heading\" id=\"business-intelligence-beratung\">Business Intelligence Beratung<\/h2>\r\n\r\n\r\n\r\n<p>Wir verf\u00fcgen \u00fcber jahrelange Erfahrung im Aufbau effektiver <strong>Business Intelligence-L\u00f6sungen <\/strong>und bieten Gesch\u00e4ftsanwendern umfassende Berichte f\u00fcr fundierte Entscheidungen.<\/p>\r\n\r\n\r\n\r\n<p>Unsere Teams von <strong>BI-Beratern und -Architekten<\/strong> unterst\u00fctzen Sie in den Bereichen Data Warehousing, ETL-Prozesse sowie Berichterstattung und Analyse, basierend auf einer breiten Palette von BI-Tools und -Technologien.<\/p>\r\n\r\n\r\n\r\n<p>Als <strong>Microsoft Gold Certified Partner<\/strong> f\u00fcr Data Analytics und <strong>Qlik Solution Provider<\/strong> bieten wir Business Intelligence auf h\u00f6chstem Niveau.<\/p>\r\n<\/div>\r\n\r\n\r\n\r\n<div class=\"wp-block-column is-layout-flow wp-block-column-is-layout-flow\">\r\n<h2 class=\"wp-block-heading\" id=\"unternehmensanalyse\">Unternehmensanalyse <\/h2>\r\n\r\n\r\n\r\n<p>Wir wollen <strong>Ihr Unternehmen verstehen und die Risiken und Herausforderungen identifizieren<\/strong>.  Unsere Business-Analysten erfassen Ihre Gesch\u00e4ftsanforderungen und  -bed\u00fcrfnisse in den verschiedensten Bereichen der  Informationstechnologie, um die optimalen L\u00f6sungen zu empfehlen. <\/p>\r\n\r\n\r\n\r\n<p>Sie  k\u00f6nnen die gesammelten Informationen f\u00fcr die Entwicklung,  Prozessverbesserung, Organisations\u00e4nderung oder strategische Planung  nutzen und sich mehr auf Innovation und Wertsch\u00f6pfung f\u00fcr Ihr  Unternehmen konzentrieren.  <\/p>\r\n<\/div>\r\n<\/div>\r\n\r\n\r\n\r\n<div style=\"height:40px\" aria-hidden=\"true\" class=\"wp-block-spacer\"><\/div>\r\n\r\n\r\n<\/style><div class=\"promotion-box promotion-box--image-left \"><div class=\"tiles latest-news-once\"><div class=\"tile\"><div class=\"tile-image\"><img decoding=\"async\" src=\"https:\/\/nearshore-it.eu\/wp-content\/uploads\/2017\/09\/Webinar_nearshoreteam_bg.jpg\" alt=\"\" title=\"\"><\/div><div class=\"tile-content\">\r\n<p class=\"entry-title client-name\">NEARSHORING<\/p>\r\n\r\n<h3>Polen belegt hohe Pl\u00e4tze in Berichten<\/h3>\r\nWas sind die Gr\u00fcnde f\u00fcr das Interesse der Anleger an Polen?\r\n\r\n<a class=\"btn btn-primary\" href=\"\/de\/articles\/nearshoring\/it-outsourcing-zentren-in-polen-wachsen-4-hauptgruende-2\/\" target=\"_blank\" rel=\"noopener\">\r\nLesen Sie den Text, um mehr zu erfahren!<\/a><\/div><\/div><\/div><\/div>\n\r\n\r\n\r\n<div style=\"height:40px\" aria-hidden=\"true\" class=\"wp-block-spacer\"><\/div>\r\n\r\n\r\n\r\n<h2 class=\"wp-block-heading\" id=\"it-outsourcing-warum-polen\">IT-Outsourcing \u2013 warum Polen? <\/h2>\r\n\r\n\r\n\r\n<p>Die Ergebnisse internationaler Berichte \u00fcber den globalen IT-Markt zeigen deutlich, dass die polnische IT-Branche einen Grund zur Zufriedenheit hat. Sie sind auch ein hilfreicher Hinweis f\u00fcr Investoren, die nach den besten Gesch\u00e4ftsm\u00f6glichkeiten f\u00fcr 2020 suchen. <\/p>\r\n\r\n\r\n\r\n<div style=\"height:80px\" aria-hidden=\"true\" class=\"wp-block-spacer\"><\/div>\r\n\r\n\r\n\r\n<div class=\"wp-block-columns has-2-columns is-layout-flex wp-container-core-columns-is-layout-9d6595d7 wp-block-columns-is-layout-flex\">\r\n<div class=\"wp-block-column is-layout-flow wp-block-column-is-layout-flow\">\r\n<h2 class=\"wp-block-heading\" id=\"jamf-pro-apple-gerate-management\">Jamf Pro Apple Ger\u00e4te-Management<\/h2>\r\n\r\n\r\n\r\n<p>Wir haben erfahrene macOS-Administratoren vor Ort, die Ihnen bei Ihren Herausforderungen im Bereich <strong>des Ger\u00e4temanagements im Unternehmen<\/strong> helfen. <\/p>\r\n\r\n\r\n\r\n<p>JCommerce  bietet eine umfassende Palette von Dienstleistungen f\u00fcr die  Implementierung und Wartung der Apple-Infrastruktur, einschlie\u00dflich  einer \u00dcberpr\u00fcfung Ihrer Infrastruktur, der Integration des Jamf  Pro-Systems mit Ihrer aktuellen Infrastruktur, der Verwaltung von  Anwendungen, Updates und Sicherheitskonfigurationen. Um die Erwartungen  der Kunden zu erf\u00fcllen, bieten wir auch umfassende<strong> Jamf Pro Managed Services<\/strong> an.  <\/p>\r\n<\/div>\r\n\r\n\r\n\r\n<div class=\"wp-block-column is-layout-flow wp-block-column-is-layout-flow\">\r\n<h2 class=\"wp-block-heading\" id=\"startup-unterstutzung\">Startup-Unterst\u00fctzung<\/h2>\r\n\r\n\r\n\r\n<p>Egal, ob Sie am Anfang Ihres Projekts stehen oder eine Vergr\u00f6\u00dferung planen, <strong>wir bringen Ihre Startup-Idee zum Leben.<\/strong><\/p>\r\n\r\n\r\n\r\n<p>Wir  unterst\u00fctzen alle IT-Aspekte von Projekten durch professionelle  Beratung und technisches Wissen. Unsere Experten erstellen Websites,  Web- oder Desktop-Anwendungen, E-Commerce-Plattformen und entwickeln  kundenspezifische Software, um Start-ups in erfolgreiche Unternehmen zu  verwandeln.  <\/p>\r\n<\/div>\r\n<\/div>\r\n\r\n\r\n\r\n<div style=\"height:80px\" aria-hidden=\"true\" class=\"wp-block-spacer\"><\/div>\r\n\r\n\r\n    <div class=\"row d-flex align-items-center\">\n        <div class=\"col-lg-12\">\n            <h2>Unsere neuesten Fallstudien<\/h2>\n            <p class=\"lead\"><\/p>\n                                            <\/div>\n    <\/div>\n\n\r\n\r\n\r\n<div style=\"height:80px\" aria-hidden=\"true\" class=\"wp-block-spacer\"><\/div>\r\n\r\n\r\n\r\n<h3 class=\"has-text-align-center wp-block-heading\" id=\"machen-sie-den-ersten-schritt-wir-erledigen-den-rest\">Machen Sie den ersten Schritt, wir erledigen den Rest.<\/h3>\r\n\r\n\r\n\r\n<p class=\"has-text-align-center\">\r\n\r\nJetzt sind Sie dran!\r\n\r\n<\/p>\r\n\r\n\r\n\n<div class=\"wpcf7 no-js\" id=\"wpcf7-f3916-o1\" lang=\"de-DE\" dir=\"ltr\" data-wpcf7-id=\"3916\">\n<div class=\"screen-reader-response\"><p role=\"status\" aria-live=\"polite\" aria-atomic=\"true\"><\/p> <ul><\/ul><\/div>\n<form action=\"\/de\/wp-json\/wp\/v2\/pages\/8022#wpcf7-f3916-o1\" method=\"post\" class=\"wpcf7-form init cf7mls-no-scroll cf7mls-no-moving-animation\" aria-label=\"Kontaktformular\" novalidate=\"novalidate\" data-status=\"init\">\n<fieldset class=\"hidden-fields-container\"><input type=\"hidden\" name=\"_wpcf7\" value=\"3916\" \/><input type=\"hidden\" name=\"_wpcf7_version\" value=\"6.1.4\" \/><input type=\"hidden\" name=\"_wpcf7_locale\" value=\"de_DE\" \/><input type=\"hidden\" name=\"_wpcf7_unit_tag\" value=\"wpcf7-f3916-o1\" \/><input type=\"hidden\" name=\"_wpcf7_container_post\" value=\"0\" \/><input type=\"hidden\" name=\"_wpcf7_posted_data_hash\" value=\"\" \/>\n<\/fieldset>\n<div class=\"wpcf7-turnstile cf-turnstile\" data-sitekey=\"0x4AAAAAABkoUN4r6_kcZDfV\" data-response-field-name=\"_wpcf7_turnstile_response\"><\/div>\n\n<div class=\"form-group\">\n\t<p><label for=\"contactName\">Name<\/label><span class=\"wpcf7-form-control-wrap\" data-name=\"your-name\"><input size=\"40\" maxlength=\"400\" class=\"wpcf7-form-control wpcf7-text wpcf7-validates-as-required form-jc\" id=\"contactName\" aria-required=\"true\" aria-invalid=\"false\" value=\"\" type=\"text\" name=\"your-name\" \/><\/span>\n\t<\/p>\n<\/div>\n<div class=\"form-group\">\n\t<p><label for=\"contactEmail1\">E-Mail-Adresse<\/label><span class=\"wpcf7-form-control-wrap\" data-name=\"your-email\"><input size=\"40\" maxlength=\"400\" class=\"wpcf7-form-control wpcf7-email wpcf7-validates-as-required wpcf7-text wpcf7-validates-as-email form-jc\" id=\"contactEmail1\" aria-required=\"true\" aria-invalid=\"false\" value=\"\" type=\"email\" name=\"your-email\" \/><\/span>\n\t<\/p>\n<\/div>\n<div class=\"form-group\">\n\t<p><label for=\"contacttel-926\">Telefonnummer<\/label><span class=\"wpcf7-form-control-wrap\" data-name=\"tel-926\"><input size=\"40\" maxlength=\"400\" class=\"wpcf7-form-control wpcf7-tel wpcf7-validates-as-required wpcf7-text wpcf7-validates-as-tel form-jc\" id=\"contacttel-926\" aria-required=\"true\" aria-invalid=\"false\" value=\"\" type=\"tel\" name=\"tel-926\" \/><\/span>\n\t<\/p>\n<\/div>\n<div class=\"form-group\">\n\t<p><label for=\"contactTextarea\">Nachricht<\/label><span class=\"wpcf7-form-control-wrap\" data-name=\"your-message\"><textarea cols=\"40\" rows=\"4\" maxlength=\"2000\" class=\"wpcf7-form-control wpcf7-textarea wpcf7-validates-as-required form-jc\" id=\"contactTextarea\" aria-required=\"true\" aria-invalid=\"false\" name=\"your-message\"><\/textarea><\/span>\n\t<\/p>\n<\/div>\n<div class=\"form-group acceptance\">\n\t<p><span class=\"wpcf7-form-control-wrap\" data-name=\"acceptance-774\"><span class=\"wpcf7-form-control wpcf7-acceptance\"><span class=\"wpcf7-list-item\"><input type=\"checkbox\" name=\"acceptance-774\" value=\"1\" aria-invalid=\"false\" \/><\/span><\/span><\/span> Ich stimme hiermit zu, dass JCommerce Sp. z o.o. meine pers\u00f6nlichen Daten (nachfolgend \"personenbezogene Daten\") wie meinen vollst\u00e4ndigen Namen, meine E-Mail-Adresse, Telefonnummer f\u00fcr kommerzielle Zwecke verarbeitet.\n\t<\/p>\n<\/div>\n<div class=\"form-group acceptance\">\n\t<p><span class=\"wpcf7-form-control-wrap\" data-name=\"acceptance-775\"><span class=\"wpcf7-form-control wpcf7-acceptance\"><span class=\"wpcf7-list-item\"><input type=\"checkbox\" name=\"acceptance-775\" value=\"1\" aria-invalid=\"false\" \/><\/span><\/span><\/span> Ich stimme hiermit zu, dass JCommerce Sp. z o.o. meine pers\u00f6nlichen Daten (nachfolgend \"personenbezogene Daten\") wie meinen vollst\u00e4ndigen Namen, meine E-Mail-Adresse, Telefonnummer f\u00fcr Marketingzwecke verarbeitet.\n\t<\/p>\n<\/div>\n<div class=\"form-group acceptance\">\n\t<p>Ich wurde von JCommerce Sp. z o.o. (mit der Adresse \u015aciegiennego Str. 3, 40-001 Katowice), dem Verantwortlichen f\u00fcr personenbezogene Daten, wie folgt informiert:\n\t<\/p>\n\t<p><span id=\"extraConsentHidden\" class=\"extraConsentHidden\" style=\"display: none\"><br \/>\n- Die Bereitstellung der oben genannten personenbezogenen Daten ist freiwillig, aber f\u00fcr kommerzielle oder Marketingzwecke unerl\u00e4sslich, wenn ich diesbez\u00fcglich meine Einwilligung gegeben habe;<br \/>\n- Ich habe das Recht, auf den Inhalt meiner Daten zuzugreifen, einschlie\u00dflich, um Kopien davon zu erhalten und zu korrigieren, zu l\u00f6schen und die Verarbeitung zu beschr\u00e4nken, sowie das Recht, sie zu \u00fcbertragen, das Recht, der Verarbeitung zu widersprechen und das Recht, meine Zustimmung jederzeit zu widerrufen. Die Zur\u00fccknahme meiner Einwilligung ber\u00fchrt jedoch nicht die Rechtm\u00e4\u00dfigkeit der Verarbeitung, die auf der Grundlage der betreffenden Einwilligung vorgenommen wurde, bevor sie widerrufen wird;<br \/>\n- Eine Erkl\u00e4rung \u00fcber den Widerruf meiner Zustimmung zur Verarbeitung personenbezogener Daten sollte an den Hauptsitz von JCommerce Sp. z o.o. oder an die folgende E-Mail-Adresse gesendet werden: zgody@jcommerce.pl. Die R\u00fccknahme der Einwilligung in die Verarbeitung personenbezogener Daten hat zur Folge, dass die oben genannten Verarbeitungszwecke nicht mehr erf\u00fcllt werden k\u00f6nnen;<br \/>\n- Die angegebenen pers\u00f6nlichen Daten k\u00f6nnen von JCommerce Sp. z o.o. geteilt werden, mit den befugten Mitarbeitern und Einzelpersonen, die mit JCommerce in zivilrechtlichen Vertr\u00e4gen zusammenarbeiten, die an der Umsetzung des Zwecks der Verarbeitung beteiligt sind;<br \/>\n- Die \u00fcbermittelten Daten werden auf der Grundlage der einschl\u00e4gigen Bestimmungen der Verordnung (EU) 2016\/679 des Europ\u00e4ischen Parlaments und des Rates vom 27. April 2016 \u00fcber den Schutz nat\u00fcrlicher Personen bei der Verarbeitung personenbezogener Daten und \u00fcber der freie Verkehr dieser Daten und die Aufhebung der Richtlinie 95\/46\/EG (Datenschutz-Grundverordnung), DSGVO verarbeitet;<br \/>\n- Sollten Sie Fragen zum Schutz Ihrer pers\u00f6nlichen Daten haben, kontaktieren Sie uns bitte per E-Mail: odo@jcommerce.pl;<br \/>\n- Die zur Verf\u00fcgung gestellten personenbezogenen Daten werden so lange verarbeitet, wie es f\u00fcr den Zweck, f\u00fcr den sie geliefert wurden, erforderlich ist, oder bis ich meinen diesbez\u00fcglichen Einwand geltend mache. Im Falle der Einlegung eines Widerspruchs, JCommerce Sp. z o.o. verarbeitet meine personenbezogenen Daten nicht mehr zu den oben genannten Zwecken, es sei denn, sie k\u00f6nnen nachweisen, dass berechtigte Gr\u00fcnde vorliegen, die meine Interessen, Rechte und Freiheiten verletzen, oder meine Daten sind erforderlich, um eine etwaige Forderung zu begr\u00fcnden, zu verfolgen oder zu verteidigen;<br \/>\n- Ich habe das Recht, eine Beschwerde bei der Aufsichtsbeh\u00f6rde einzureichen, wenn ich der Ansicht bin, dass die Verarbeitung der oben genannten personenbezogenen Daten gegen die Bestimmung<br \/>\n<\/span><br \/>\n<a href=\"#extraConsentHidden\" class=\"extraConsentButton\" data-text1=\"Mehr lesen\" data-text2=\"Weniger lesen\">Mehr lesen<\/a><br \/>\n[recaptcha class:recaptcha]\n\t<\/p>\n<\/div>\n<div class=\"form-group\">\n\t<p><input class=\"wpcf7-form-control wpcf7-submit has-spinner btn btn-primary\" type=\"submit\" value=\"Senden\" \/>\n\t<\/p>\n<\/div><div class=\"wpcf7-response-output\" aria-hidden=\"true\"><\/div>\n<\/form>\n<\/div>\n\n\r\n\r\n\r\n<div style=\"height:80px\" aria-hidden=\"true\" class=\"wp-block-spacer\"><\/div>\r\n<\/div><\/div>\r\n","protected":false},"excerpt":{"rendered":"<p>Unsere Dienstleistungen sind auf die Bed\u00fcrfnisse spezifischer Branchen zugeschnitten. FinTech BioTech Industry 4.0 E-Commerce Telekom IT-Beratung Digitale Transformation Die Art und Weise, wie Sie Ihren Kunden einen Mehrwert bieten, wird von unseren erfahrenen Analysten und Entwicklern nicht nur unterst\u00fctzt, sondern auch vorangetrieben. Als strategischer IT-Outsourcing-Partner unterst\u00fctzen wir die digitalen L\u00f6sungen, die das Kundenerlebnis verbessern und [&hellip;]<\/p>\n","protected":false},"author":89,"featured_media":9730,"parent":0,"menu_order":0,"comment_status":"closed","ping_status":"closed","template":"page-new.php","meta":{"_acf_changed":false,"iawp_total_views":48,"footnotes":""},"fupi_page_labels":[],"class_list":["post-8022","page","type-page","status-publish","has-post-thumbnail","hentry"],"acf":[],"_links":{"self":[{"href":"https:\/\/nearshore-it.eu\/de\/wp-json\/wp\/v2\/pages\/8022","targetHints":{"allow":["GET"]}}],"collection":[{"href":"https:\/\/nearshore-it.eu\/de\/wp-json\/wp\/v2\/pages"}],"about":[{"href":"https:\/\/nearshore-it.eu\/de\/wp-json\/wp\/v2\/types\/page"}],"author":[{"embeddable":true,"href":"https:\/\/nearshore-it.eu\/de\/wp-json\/wp\/v2\/users\/89"}],"replies":[{"embeddable":true,"href":"https:\/\/nearshore-it.eu\/de\/wp-json\/wp\/v2\/comments?post=8022"}],"version-history":[{"count":14,"href":"https:\/\/nearshore-it.eu\/de\/wp-json\/wp\/v2\/pages\/8022\/revisions"}],"predecessor-version":[{"id":19949,"href":"https:\/\/nearshore-it.eu\/de\/wp-json\/wp\/v2\/pages\/8022\/revisions\/19949"}],"wp:featuredmedia":[{"embeddable":true,"href":"https:\/\/nearshore-it.eu\/de\/wp-json\/"}],"wp:attachment":[{"href":"https:\/\/nearshore-it.eu\/de\/wp-json\/wp\/v2\/media?parent=8022"}],"wp:term":[{"taxonomy":"fupi_page_labels","embeddable":true,"href":"https:\/\/nearshore-it.eu\/de\/wp-json\/wp\/v2\/fupi_page_labels?post=8022"}],"curies":[{"name":"wp","href":"https:\/\/api.w.org\/{rel}","templated":true}]}}