{"id":8026,"date":"2019-10-23T14:58:45","date_gmt":"2019-10-23T12:58:45","guid":{"rendered":"https:\/\/nearshore-it.eu\/de\/?page_id=8026"},"modified":"2022-10-26T13:39:14","modified_gmt":"2022-10-26T11:39:14","slug":"softwareentwicklung-leistungen","status":"publish","type":"page","link":"https:\/\/nearshore-it.eu\/de\/softwareentwicklung-leistungen\/","title":{"rendered":"Softwareentwicklung"},"content":{"rendered":"\n<p><\/p>\n\n\n<section class=\"banner-hero\">\r\n    <div class=\"image\">\r\n        <img decoding=\"async\" src=\"https:\/\/nearshore-it.eu\/wp-content\/uploads\/2019\/11\/software-development-services_nearshore-blog.jpg\" alt=\"\" title=\"\">\r\n    <\/div>\r\n    <div class=\"container\">\r\n        <div class=\"content-box\">\r\n            <div class=\"box\">\r\n\t\t\t\t<p class=\"entry-title\">SOFTWAREENTWICKLUNG<\/p>\n<h1>Wir verf\u00fcgen \u00fcber alle notwendigen F\u00e4higkeiten, um Ihr Projekt zu leiten<\/h1>\n\r\n\t\t\t\t\r\n\t\t\t\t                    <form action=\"\" class=\"newsletter-controller-side\" data-newsletter-media-form-status=\"check\" data-newsletter-media-form=\"container\" method=\"POST\">\r\n                        <input type=\"hidden\" name=\"redirectTo\" value=\"https:\/\/nearshore-it.eu\/de\/danke-seite\/\">\r\n                        <div data-newsletter-media-form=\"loader\" style=\"display: none\">\r\n                            <button href=\"\" class=\"btn btn-red btn-arrow newsletter-processing\">Get access<\/button>\r\n                        <\/div>\r\n                        <div class=\"form-wrapper\" data-newsletter-media-form=\"check\">\r\n                            <div class=\"form-group\">\r\n                                <input class=\"form-jc white\" type=\"email\" name=\"email\" id=\"\" required placeholder=\"\">\r\n                            <\/div>\r\n                            <button type=\"submit\" class=\"btn btn-red btn-arrow\"><\/button>\r\n                        <\/div>\r\n                    <\/form>\r\n\t\t\t\t            <\/div>\r\n        <\/div>\r\n    <\/div>\r\n<\/section>\n\n\n<div class=\"wp-block-group has-background\" style=\"background-color:#232d4b\"><div class=\"wp-block-group__inner-container is-layout-flow wp-block-group-is-layout-flow\">\n<div class=\"wp-block-group container has-white-color has-text-color\"><div class=\"wp-block-group__inner-container is-layout-flow wp-block-group-is-layout-flow\">\n<div style=\"height:80px\" aria-hidden=\"true\" class=\"wp-block-spacer\"><\/div>\n\n\n\n<h2 class=\"wp-block-heading\">Softwareentwicklungsbereiche<\/h2>\n\n\n\n<p>Unser Team von 300 Experten erm\u00f6glicht es uns&nbsp;<strong>Software- und Produktentwicklung Outsourcing Dienstleistungen<\/strong>&nbsp;mit einem breiten Spektrum von technologischen Kompetenzen und Programmiersprachen anzubieten.<\/p>\n\n\n\n<p>Wir setzen die Ideen von Unternehmen und Start-ups effektiv um, die Unterst\u00fctzung f\u00fcr ihr Wachstum durch&nbsp;<strong>Softwareentwicklung, Webentwicklung und Qualit\u00e4tssicherung<\/strong>&nbsp;suchen.<\/p>\n\n\n\n<p>Sie behalten die Kontrolle \u00fcber Ihr Projekt und ein agiler Ansatz erm\u00f6glicht es uns, innerhalb bestimmter Iterationen voll funktionsf\u00e4hige Softwareelemente bereitzustellen.<\/p>\n\n\n\n<div class=\"wp-block-columns is-layout-flex wp-container-core-columns-is-layout-9d6595d7 wp-block-columns-is-layout-flex\">\n<div class=\"wp-block-column is-layout-flow wp-block-column-is-layout-flow\">\n<h4 class=\"wp-block-heading\">Technologien und Kompetenzen<\/h4>\n\n\n\n<ul class=\"wp-block-list\"><li><a target=\"_blank\" rel=\"noreferrer noopener\">Back-End Development<\/a><\/li><li><a target=\"_blank\" rel=\"noreferrer noopener\">Front-End Development<\/a><\/li><li><a target=\"_blank\" rel=\"noreferrer noopener\">JAVA Programmierung<\/a><\/li><li><a target=\"_blank\" rel=\"noreferrer noopener\">.NET Programmierung<\/a><\/li><li><a target=\"_blank\" rel=\"noreferrer noopener\">Python Programmierung<\/a><\/li><li><a target=\"_blank\" rel=\"noreferrer noopener\">C# Programmierung<\/a><\/li><li><a target=\"_blank\" rel=\"noreferrer noopener\">PHP Programmierung<\/a><\/li><li><a target=\"_blank\" rel=\"noreferrer noopener\">Node.js Programmierung<\/a><\/li><li><a target=\"_blank\" rel=\"noreferrer noopener\">Angular Programmierung<\/a><\/li><li><a target=\"_blank\" rel=\"noreferrer noopener\">React.js Programmierung<\/a><\/li><li><a target=\"_blank\" rel=\"noreferrer noopener\">Azure<\/a><\/li><li><a target=\"_blank\" rel=\"noreferrer noopener\">AWS<\/a><\/li><li><a target=\"_blank\" rel=\"noreferrer noopener\">Google Cloud<\/a><\/li><li><a target=\"_blank\" rel=\"noreferrer noopener\">Data Warehousing<\/a><\/li><\/ul>\n<\/div>\n\n\n\n<div class=\"wp-block-column is-layout-flow wp-block-column-is-layout-flow\">\n<h4 class=\"wp-block-heading\">Komplette Softwareentwicklung<\/h4>\n\n\n\n<ul class=\"wp-block-list\"><li>DevOps<\/li><li>Mobile App-Entwicklung (iOS, Android)<\/li><li>Qualit\u00e4tssicherung<\/li><li>Business-Analyse<\/li><li>IT-Architektur<\/li><li>Produktentwicklung<\/li><li>Managed Services<\/li><\/ul>\n<\/div>\n\n\n\n<div class=\"wp-block-column is-layout-flow wp-block-column-is-layout-flow\">\n<h4 class=\"wp-block-heading\">Digitale Transformation<\/h4>\n\n\n\n<ul class=\"jc-list wp-block-list\"><li>Cloud Dienste<\/li><li>Business Intelligence<\/li><li>Machine Learning<\/li><li>Digitale Plattformen<\/li><\/ul>\n<\/div>\n\n\n\n<div class=\"wp-block-column is-layout-flow wp-block-column-is-layout-flow\">\n<h4 class=\"wp-block-heading\">Implementierung und Instandhaltung<\/h4>\n\n\n\n<ul class=\"wp-block-list\"><li>Qlik Sense<\/li><li>QlikView<\/li><li>Microsoft Power BI<\/li><li>Jamf Pro<\/li><\/ul>\n<\/div>\n<\/div>\n\n\n\n<div style=\"height:80px\" aria-hidden=\"true\" class=\"wp-block-spacer\"><\/div>\n<\/div><\/div>\n<\/div><\/div>\n\n\n\n<div style=\"height:80px\" aria-hidden=\"true\" class=\"wp-block-spacer\"><\/div>\n\n\n\n<div class=\"wp-block-group container\"><div class=\"wp-block-group__inner-container is-layout-flow wp-block-group-is-layout-flow\">\n<h2 class=\"wp-block-heading\" id=\"methodologien-des-projektmanagements\">Methodologien des Projektmanagements<\/h2>\n\n\n\n<p>Agile Softwareentwicklung Methoden sind die Grundlage aller unserer Projekte.<\/p>\n\n\n\n<div class=\"wp-block-columns has-2-columns is-layout-flex wp-container-core-columns-is-layout-9d6595d7 wp-block-columns-is-layout-flex\">\n<div class=\"wp-block-column is-layout-flow wp-block-column-is-layout-flow\">\n<p>&nbsp;<\/p>\n\n\n\n<h4 class=\"wp-block-heading\" id=\"scrum\">Scrum<\/h4>\n\n\n\n<p>Wir setzen Scrum ein, um Softwareentwicklungsprojekte von Grund auf zu \nmanagen, sowie in Form von Teamerweiterung und Teamleasing f\u00fcr <strong>bessere Leistung und transparente Kommunikation<\/strong>.\n Wir verf\u00fcgen \u00fcber erfahrene Scrum-Master und Product Owner, die das \nTeam leiten oder Ihr Projekt auf der Grundlage einer agilen Methodik \nunterst\u00fctzen.<\/p>\n\n\n\n<p>&nbsp;<\/p>\n\n\n\n<h4 class=\"wp-block-heading\" id=\"waterfall\">Waterfall<\/h4>\n\n\n\n<p>Wir verwenden das Wasserfallmodell in Projekten, in denen die Anforderungen und der Umfang sowie die Technologie und das Produkt selbst festgelegt sind. In diesem Modell bieten wir einen strukturierten Ansatz mit klar definierten Phasen und leicht identifizierbaren Meilensteinen.<\/p>\n<\/div>\n\n\n\n<div class=\"wp-block-column is-layout-flow wp-block-column-is-layout-flow\">\n<p>&nbsp;&nbsp;<\/p>\n\n\n\n<h4 class=\"wp-block-heading\" id=\"kanban\">Kanban<\/h4>\n\n\n\n<p>Wir nutzen das Kanban-Modell, um Ver\u00e4nderungen durch schrittweise Verbesserungen einzuf\u00fchren. Auf diese Weise steuern wir die Entwicklung von Produkten, die auf konstante Lieferung ausgerichtet sind, anstatt das Entwicklungsteam zu \u00fcberfordern.<\/p>\n\n\n\n<p>&nbsp;&nbsp;<\/p>\n\n\n\n<h4 class=\"wp-block-heading\" id=\"hybrid-model\">Hybrid model<\/h4>\n\n\n\n<p>Das in unseren Projekten verwendete Hybrid-Modell basiert auf der langj\u00e4hrigen Erfahrung unserer Projektmanager, Softwareentwickler und IT-Experten. Es bietet den richtigen Mix aus Projektmanagementmethoden und -ans\u00e4tzen, um die Erwartungen der Kunden und die Projektanforderungen zu erf\u00fcllen.<\/p>\n<\/div>\n<\/div>\n<\/div><\/div>\n\n\n\n<div style=\"height:40px\" aria-hidden=\"true\" class=\"wp-block-spacer\"><\/div>\n\n\n\n<div style=\"height:80px\" aria-hidden=\"true\" class=\"wp-block-spacer\"><\/div>\n\n\n\n<div class=\"wp-block-group container\"><div class=\"wp-block-group__inner-container is-layout-flow wp-block-group-is-layout-flow\">\n<h2 class=\"wp-block-heading\" id=\"produktentwicklung\">Produktentwicklung <\/h2>\n\n\n\n<p>JCommerce-Analysten liefern die Anforderungen und Dokumentation und stellen die Machbarkeit der vorbereiteten Konzepte sicher. Sie sind w\u00e4hrend des gesamten Produktentwicklungsprozesses in Bereitschaft, um das IT-Team bei der Beurteilung der aktuellen Situation und bei den wichtigsten Entscheidungen zu unterst\u00fctzen <\/p>\n\n\n\n<div style=\"height:50px\" aria-hidden=\"true\" class=\"wp-block-spacer\"><\/div>\n\n\n\n<div class=\"wp-block-columns has-4-columns is-layout-flex wp-container-core-columns-is-layout-9d6595d7 wp-block-columns-is-layout-flex\">\n<div class=\"wp-block-column is-layout-flow wp-block-column-is-layout-flow\">\n<figure class=\"wp-block-image\"><img decoding=\"async\" src=\"https:\/\/nearshore-it.eu\/de\/wp-content\/uploads\/2020\/07\/grafika_jcommerce_research_planning.svg\" alt=\"\" class=\"wp-image-10474\" title=\"\"><\/figure>\n\n\n\n<p class=\"has-text-align-center\">Research &amp; Plan<\/p>\n<\/div>\n\n\n\n<div class=\"wp-block-column is-layout-flow wp-block-column-is-layout-flow\">\n<figure class=\"wp-block-image\"><img decoding=\"async\" src=\"https:\/\/nearshore-it.eu\/de\/wp-content\/uploads\/2020\/07\/grafika_jcommerce_evaluation.svg\" alt=\"\" class=\"wp-image-10475\" title=\"\"><\/figure>\n\n\n\n<p class=\"has-text-align-center\">Evaluate<\/p>\n<\/div>\n\n\n\n<div class=\"wp-block-column is-layout-flow wp-block-column-is-layout-flow\">\n<figure class=\"wp-block-image\"><img decoding=\"async\" src=\"https:\/\/nearshore-it.eu\/de\/wp-content\/uploads\/2020\/07\/grafika_jcommerce_launch_assessment.svg\" alt=\"\" class=\"wp-image-10473\" title=\"\"><\/figure>\n\n\n\n<p class=\"has-text-align-center\">Launch &amp; Assess<\/p>\n<\/div>\n\n\n\n<div class=\"wp-block-column is-layout-flow wp-block-column-is-layout-flow\">\n<figure class=\"wp-block-image\"><img decoding=\"async\" src=\"https:\/\/nearshore-it.eu\/de\/wp-content\/uploads\/2020\/07\/grafika_jcommerce_iterations.svg\" alt=\"\" class=\"wp-image-10476\" title=\"\"><\/figure>\n\n\n\n<p class=\"has-text-align-center\">Iterate &amp; Kill <\/p>\n<\/div>\n<\/div>\n<\/div><\/div>\n\n\n\n<p><\/p>\n","protected":false},"excerpt":{"rendered":"<p>Softwareentwicklungsbereiche Unser Team von 300 Experten erm\u00f6glicht es uns&nbsp;Software- und Produktentwicklung Outsourcing Dienstleistungen&nbsp;mit einem breiten Spektrum von technologischen Kompetenzen und Programmiersprachen anzubieten. Wir setzen die Ideen von Unternehmen und Start-ups effektiv um, die Unterst\u00fctzung f\u00fcr ihr Wachstum durch&nbsp;Softwareentwicklung, Webentwicklung und Qualit\u00e4tssicherung&nbsp;suchen. Sie behalten die Kontrolle \u00fcber Ihr Projekt und ein agiler Ansatz erm\u00f6glicht es uns, [&hellip;]<\/p>\n","protected":false},"author":1,"featured_media":17654,"parent":0,"menu_order":0,"comment_status":"closed","ping_status":"closed","template":"page-new.php","meta":{"_acf_changed":false,"iawp_total_views":40,"footnotes":""},"fupi_page_labels":[],"class_list":["post-8026","page","type-page","status-publish","has-post-thumbnail","hentry"],"acf":[],"_links":{"self":[{"href":"https:\/\/nearshore-it.eu\/de\/wp-json\/wp\/v2\/pages\/8026","targetHints":{"allow":["GET"]}}],"collection":[{"href":"https:\/\/nearshore-it.eu\/de\/wp-json\/wp\/v2\/pages"}],"about":[{"href":"https:\/\/nearshore-it.eu\/de\/wp-json\/wp\/v2\/types\/page"}],"author":[{"embeddable":true,"href":"https:\/\/nearshore-it.eu\/de\/wp-json\/wp\/v2\/users\/1"}],"replies":[{"embeddable":true,"href":"https:\/\/nearshore-it.eu\/de\/wp-json\/wp\/v2\/comments?post=8026"}],"version-history":[{"count":14,"href":"https:\/\/nearshore-it.eu\/de\/wp-json\/wp\/v2\/pages\/8026\/revisions"}],"predecessor-version":[{"id":19867,"href":"https:\/\/nearshore-it.eu\/de\/wp-json\/wp\/v2\/pages\/8026\/revisions\/19867"}],"wp:featuredmedia":[{"embeddable":true,"href":"https:\/\/nearshore-it.eu\/de\/wp-json\/wp\/v2\/media\/17654"}],"wp:attachment":[{"href":"https:\/\/nearshore-it.eu\/de\/wp-json\/wp\/v2\/media?parent=8026"}],"wp:term":[{"taxonomy":"fupi_page_labels","embeddable":true,"href":"https:\/\/nearshore-it.eu\/de\/wp-json\/wp\/v2\/fupi_page_labels?post=8026"}],"curies":[{"name":"wp","href":"https:\/\/api.w.org\/{rel}","templated":true}]}}