{"id":8029,"date":"2019-10-23T15:00:26","date_gmt":"2019-10-23T13:00:26","guid":{"rendered":"https:\/\/nearshore-it.eu\/de\/?page_id=8029"},"modified":"2022-10-26T12:51:37","modified_gmt":"2022-10-26T10:51:37","slug":"agile-projektteams","status":"publish","type":"page","link":"https:\/\/nearshore-it.eu\/de\/agile-projektteams\/","title":{"rendered":"Agile Projektteams"},"content":{"rendered":"<section class=\"banner-hero\">\r\n    <div class=\"image\">\r\n        <img decoding=\"async\" src=\"https:\/\/nearshore-it.eu\/wp-content\/uploads\/2017\/09\/hero-jcommerce-software-house-team-delivery.jpg\" alt=\"\" title=\"\">\r\n    <\/div>\r\n    <div class=\"container\">\r\n        <div class=\"content-box\">\r\n            <div class=\"box\">\r\n\t\t\t\t<p>Agile Projektteams<\/p>\n<h1>IT-Outsourcing-Anbieter<\/h1>\n\r\n\t\t\t\t\r\n\t\t\t\t                    <form action=\"\" class=\"newsletter-controller-side\" data-newsletter-media-form-status=\"check\" data-newsletter-media-form=\"container\" method=\"POST\">\r\n                        <input type=\"hidden\" name=\"redirectTo\" value=\"https:\/\/nearshore-it.eu\/de\/danke-seite\/\">\r\n                        <div data-newsletter-media-form=\"loader\" style=\"display: none\">\r\n                            <button href=\"\" class=\"btn btn-red btn-arrow newsletter-processing\">Get access<\/button>\r\n                        <\/div>\r\n                        <div class=\"form-wrapper\" data-newsletter-media-form=\"check\">\r\n                            <div class=\"form-group\">\r\n                                <input class=\"form-jc white\" type=\"email\" name=\"email\" id=\"\" required placeholder=\"\">\r\n                            <\/div>\r\n                            <button type=\"submit\" class=\"btn btn-red btn-arrow\"><\/button>\r\n                        <\/div>\r\n                    <\/form>\r\n\t\t\t\t            <\/div>\r\n        <\/div>\r\n    <\/div>\r\n<\/section>\n\n\n<div style=\"height:80px\" aria-hidden=\"true\" class=\"wp-block-spacer\"><\/div>\n\n\n\n<div class=\"wp-block-group\"><div class=\"wp-block-group__inner-container is-layout-flow wp-block-group-is-layout-flow\">\n<div class=\"wp-block-columns container is-layout-flex wp-container-core-columns-is-layout-9d6595d7 wp-block-columns-is-layout-flex\">\n<div class=\"wp-block-column is-layout-flow wp-block-column-is-layout-flow\">\n<h2 class=\"wp-block-heading\">Wir haben 17 Jahre Erfahrung in der Bereitstellung von Entwicklungsteams f\u00fcr internationale Kunden, die Unterst\u00fctzung bei ihrem individuellen Softwareprojekt ben\u00f6tigen.<\/h2>\n<\/div>\n\n\n\n<div class=\"wp-block-column is-layout-flow wp-block-column-is-layout-flow\">\n<p>Wir unterst\u00fctzen sowohl das Management und&nbsp;<strong>agile Projektteams<\/strong>&nbsp;als auch bauen Nearshore-Entwicklungszentren unterschiedlicher Gr\u00f6\u00dfe.<strong>&nbsp;Wir haben \u00fcber 300 IT-Experten an Bord<\/strong>, Projektmanager, Software-Ingenieure, QA-Ingenieure, Data Warehousing und Business Intelligence Entwickler, die an verschiedenen internationalen Projekten arbeiten.<a href=\"https:\/\/nearshore-it.eu\/de\/kontakt\/\"><\/a><\/p>\n<\/div>\n<\/div>\n<\/div><\/div>\n\n\n\n<div style=\"height:80px\" aria-hidden=\"true\" class=\"wp-block-spacer\"><\/div>\n\n\n<div class=\"tiles tiles-cta\">\n    <div class=\"container\">\n        <div class=\"content\">\n                            <div class=\"tile\">\n                    <div class=\"tile-image\">\n                                                    <img decoding=\"async\" src=\"https:\/\/nearshore-it.eu\/wp-content\/uploads\/2019\/10\/block-jcommerce-software-house-get-dedicated-team.jpg\" alt=\"\" title=\"\">\n                                            <\/div>\n                    <div class=\"tile-content\">\n                        <div class=\"text\">\n                            <h2 class=\"tile-title\">Sichern Sie sich ein engagiertes Agile Projektteam f\u00fcr k\u00fcrzere oder l\u00e4ngere Zeit!<\/h2>\n                            <p class=\"tile-text\">Sie konnen sich auf die Entwicklung Ihres Unternehmens konzentrieren &#8211; sagen Sie uns einfach, was die Projektanforderungen sind, und wir werden daran arbeiten, Ihre Ziele zu erreichen.<\/p>\n                        <\/div>\n                        <a class=\"btn btn-green inline btn-arrow\" href=\"\/de\/kontakt\/\">Kontaktiere uns<\/a>\n                    <\/div>\n                <\/div>\n                            <div class=\"tile\">\n                    <div class=\"tile-image\">\n                                                    <img decoding=\"async\" src=\"https:\/\/nearshore-it.eu\/wp-content\/uploads\/2017\/09\/block-jcommerce-software-house-get-specialists.jpg\" alt=\"\" title=\"\">\n                                            <\/div>\n                    <div class=\"tile-content\">\n                        <div class=\"text\">\n                            <h2 class=\"tile-title\">Besorgen Sie sich Spezialisten, um Ihr Team zu erweitern!<\/h2>\n                            <p class=\"tile-text\">Nehmen Sie Kontakt mit einem zuverl\u00e4ssigen IT-Outsourcing-Anbieter an und sichern Sie sich Kompetenzen auf weltweiter Ebene.<\/p>\n                        <\/div>\n                        <a class=\"btn btn-green inline btn-arrow\" href=\"\/de\/kontakt\/\">Kontaktiere uns<\/a>\n                    <\/div>\n                <\/div>\n                    <\/div>\n    <\/div>\n<\/div>\n\n\n<div style=\"height:80px\" aria-hidden=\"true\" class=\"wp-block-spacer\"><\/div>\n\n\n\n<div class=\"wp-block-columns container is-layout-flex wp-container-core-columns-is-layout-9d6595d7 wp-block-columns-is-layout-flex\">\n<div class=\"wp-block-column is-layout-flow wp-block-column-is-layout-flow\">\n<figure class=\"wp-block-image\"><img decoding=\"async\" src=\"https:\/\/nearshore-it.eu\/de\/wp-content\/uploads\/2019\/10\/grafika-jcommerce-talent-pool-1.svg\" alt=\"Talentpool zum Aufbau Ihres Teams\" class=\"wp-image-8496\" title=\"\"><\/figure>\n\n\n\n<h3 class=\"wp-block-heading\" id=\"talentpool-zum-aufbau-ihres-teams\">Talentpool zum Aufbau Ihres Teams<\/h3>\n\n\n\n<p>Sie haben ein Softwareprojekt und m\u00f6chten ein <strong>Agiles Projektteam <\/strong>einstellen, das Ihr Projekt in den folgenden Bereichen unterst\u00fctzt: <\/p>\n\n\n\n<ul class=\"wp-block-list\"><li>Individuelle Softwareentwicklung<\/li><li>IT-Beratung<\/li><li>Business Intelligence &amp; Big Data<\/li><li>DevOps<\/li><li>Cloud Dienste<\/li><li>Qualit\u00e4tssicherung<\/li><li>Data Warehousing<\/li><li>Business-Analyse<\/li><li>IT-Architektur <\/li><li>Produktentwicklung<\/li><li>Digitale Transformation <\/li><li>Machine Learning (Maschinelles Lernen) <\/li><\/ul>\n\n\n\n<p><a class=\"btn btn-primary d-block\" href=\"\/de\/it-dienstleister-spezialisierungen\/\">Unsere Spezialisierungen<\/a><\/p>\n<\/div>\n\n\n\n<div class=\"wp-block-column is-layout-flow wp-block-column-is-layout-flow\">\n<figure class=\"wp-block-image\"><img decoding=\"async\" src=\"https:\/\/nearshore-it.eu\/de\/wp-content\/uploads\/2019\/10\/grafika-jcommerce-about-us-1-1.svg\" alt=\"Technologie-Mix\" class=\"wp-image-8497\" title=\"\"><\/figure>\n\n\n\n<h3 class=\"wp-block-heading\" id=\"der-richtige-technologie-mix\">Der richtige Technologie-Mix<\/h3>\n\n\n\n<p> Um den Softwareentwicklungsprozess besser und einfacher zu verwalten, verwenden wir agile Methoden. Wir bieten <strong>Nearshore Development Team Outsourcing, <\/strong>das die volle Palette an Technologien abdeckt: <\/p>\n\n\n\n<ul class=\"wp-block-list\"><li>Java<\/li><li>.NET<\/li><li>C#<\/li><li>PHP<\/li><li>Front-End <\/li><li>Python<\/li><li>Mobile App-Entwicklung<\/li><li>Qlik Sense &amp; QlikView<\/li><li>Microsoft Power BI<\/li><li>Jamf Pro<\/li><li>Okta<\/li><li>Druva<\/li><\/ul>\n\n\n\n<p><a class=\"btn btn-primary d-block\" href=\"\/de\/softwareentwicklung-leistungen\/\">Technologien &amp; Methoden<\/a><\/p>\n<\/div>\n\n\n\n<div class=\"wp-block-column is-layout-flow wp-block-column-is-layout-flow\">\n<figure class=\"wp-block-image\"><img decoding=\"async\" src=\"https:\/\/nearshore-it.eu\/de\/wp-content\/uploads\/2019\/10\/grafika-jcommerce-about-us-2-1.svg\" alt=\"IT Nearshoring Projekt Phasen \" class=\"wp-image-8499\" title=\"\"><\/figure>\n\n\n\n<h3 class=\"wp-block-heading\" id=\"wie-wir-es-schaffen\">Wie wir es schaffen<\/h3>\n\n\n\n<p>Beim Aufbau eines <strong>Nearshore Development Teams<\/strong> durchlaufen wir die folgenden Phasen: <\/p>\n\n\n\n<ul class=\"wp-block-list\"><li>Gesch\u00e4ftsengagement \u2013 Verst\u00e4ndnis Ihres Unternehmens<\/li><li>Project engagement \u2013 Verst\u00e4ndnis der Projektziele<\/li><li>Team-Entdeckung \u2013 Aufbau des Teams<\/li><li>Kontinuierliche Teamlieferung \u2013 Produktentwicklung <br>mit Zeit-, Qualit\u00e4ts- <br>und Kostenkontrolle<\/li><\/ul>\n\n\n\n<p><a class=\"btn btn-primary d-block\" href=\"\/de\/team-lieferung\/teamleistung-framework-preisgestaltung\/\">Phasen und Preise<\/a><\/p>\n<\/div>\n<\/div>\n\n\n\n<div style=\"height:80px\" aria-hidden=\"true\" class=\"wp-block-spacer\"><\/div>\n\n\n\n<div class=\"wp-block-columns container is-layout-flex wp-container-core-columns-is-layout-9d6595d7 wp-block-columns-is-layout-flex\">\n<div class=\"wp-block-column is-layout-flow wp-block-column-is-layout-flow\">\n<h2 class=\"wp-block-heading\" id=\"es-beginnt-alles-mit-dem-ersten-schritt\">Es beginnt alles mit dem ersten Schritt<\/h2>\n\n\n\n<p><strong>Nearshore Development Team Outsourcing<\/strong> beginnt in der Regel mit dem Outsourcing weniger Spezialisten.  Die Anzahl der Teammitglieder und Teams kann, je nach Ihren aktuellen Anforderungen, <strong>Anwendungsentwicklung<\/strong>, <strong>Produktentwicklung<\/strong>, <strong>Webentwicklung, Systemintegration <\/strong>oder <strong>Software-Tests<\/strong>, erh\u00f6ht oder verringert werden. <\/p>\n\n\n\n<p>Die Teamvermietung unserer talentierten Softwareentwickler ist eine kosteng\u00fcnstige Methode, um Ihre <strong>individuellen Softwarel\u00f6sungen<\/strong> zu implemientieren. Unsere Dienstleistungen zur Entwicklung ma\u00dfgeschneiderter Software f\u00fcr Projekte in ganz Europa sind hoch gesch\u00e4tzt und erstrecken sich \u00fcber 24 verschiedene L\u00e4nder.<\/p>\n<\/div>\n\n\n\n<div class=\"wp-block-column is-layout-flow wp-block-column-is-layout-flow\">\n<h2 class=\"wp-block-heading\" id=\"testen-sie-uns\">Testen Sie uns<\/h2>\n\n\n\n<p>Auf Ihren Wunsch hin k\u00f6nnen wir mit einer <strong>Zeit der Versuchskooperation<\/strong> beginnen &#8211; in der Regel dauert es 1-2 Monate oder es ist auf eine bestimmte Aufgabe ausgerichtet. Es ist der perfekte  Zeitpunkt f\u00fcr Sie, um unsere Kompetenzen zu \u00fcberpr\u00fcfen und sich f\u00fcr  eine weitere Zusammenarbeit zu entscheiden.<\/p>\n\n\n\n<p>Ein engagiertes <strong>Agiles Projektteam<\/strong> ist w\u00fcnschenswerter als ein Freelancer, da Sie keine Sicherheitsprobleme, Fehlkommunikation oder mangelndes Wissen haben.  <\/p>\n<\/div>\n<\/div>\n\n\n\n<div style=\"height:80px\" aria-hidden=\"true\" class=\"wp-block-spacer\"><\/div>\n\n\n\n<div class=\"wp-block-group container\"><div class=\"wp-block-group__inner-container is-layout-flow wp-block-group-is-layout-flow\">\n<h3 class=\"wp-block-heading\" id=\"dutzende-von-kunden-aus-24-landern-haben-bereits-ihre-it-projekte-mit-agilen-projektteams-von-jcommerce-entwickelt\">Dutzende von Kunden aus 24 L\u00e4ndern haben bereits ihre IT-Projekte mit <strong>Agilen Projektteams von JCommerce<\/strong> entwickelt.<\/h3>\n\n\n\n<div style=\"height:40px\" aria-hidden=\"true\" class=\"wp-block-spacer\"><\/div>\n\n\n\n<p class=\"has-text-align-center\">Jetzt sind Sie dran!<\/p>\n\n\n\n<div style=\"height:40px\" aria-hidden=\"true\" class=\"wp-block-spacer\"><\/div>\n\n\n\n<div class=\"wpcf7 no-js\" id=\"wpcf7-f19774-o1\" lang=\"de-DE\" dir=\"ltr\" data-wpcf7-id=\"19774\">\n<div class=\"screen-reader-response\"><p role=\"status\" aria-live=\"polite\" aria-atomic=\"true\"><\/p> <ul><\/ul><\/div>\n<form action=\"\/de\/wp-json\/wp\/v2\/pages\/8029#wpcf7-f19774-o1\" method=\"post\" class=\"wpcf7-form init cf7mls-no-scroll cf7mls-no-moving-animation\" aria-label=\"Kontaktformular\" novalidate=\"novalidate\" data-status=\"init\">\n<fieldset class=\"hidden-fields-container\"><input type=\"hidden\" name=\"_wpcf7\" value=\"19774\" \/><input type=\"hidden\" name=\"_wpcf7_version\" value=\"6.1.4\" \/><input type=\"hidden\" name=\"_wpcf7_locale\" value=\"de_DE\" \/><input type=\"hidden\" name=\"_wpcf7_unit_tag\" value=\"wpcf7-f19774-o1\" \/><input type=\"hidden\" name=\"_wpcf7_container_post\" value=\"0\" \/><input type=\"hidden\" name=\"_wpcf7_posted_data_hash\" value=\"\" \/>\n<\/fieldset>\n<div class=\"wpcf7-turnstile cf-turnstile\" data-sitekey=\"0x4AAAAAABkoUN4r6_kcZDfV\" data-response-field-name=\"_wpcf7_turnstile_response\"><\/div>\n\n<div class=\"form-content\">\n\t<div class=\"form-group-left\">\n\t\t<div class=\"form-group\">\n\t\t\t<p><label for=\"contactName\">Name<\/label><span class=\"wpcf7-form-control-wrap\" data-name=\"your-name\"><input size=\"40\" maxlength=\"400\" class=\"wpcf7-form-control wpcf7-text wpcf7-validates-as-required form-jc\" id=\"contactName\" aria-required=\"true\" aria-invalid=\"false\" value=\"\" type=\"text\" name=\"your-name\" \/><\/span>\n\t\t\t<\/p>\n\t\t<\/div>\n\t\t<div class=\"form-group\">\n\t\t\t<p><label for=\"contactCompany\">Unternehmen<\/label><span class=\"wpcf7-form-control-wrap\" data-name=\"your-company\"><input size=\"40\" maxlength=\"400\" class=\"wpcf7-form-control wpcf7-text wpcf7-validates-as-required form-jc\" id=\"contactCompany\" aria-required=\"true\" aria-invalid=\"false\" value=\"\" type=\"text\" name=\"your-company\" \/><\/span>\n\t\t\t<\/p>\n\t\t<\/div>\n\t\t<div class=\"form-group\">\n\t\t\t<p><label for=\"contactEmail1\">E-Mail-Adresse<\/label><span class=\"wpcf7-form-control-wrap\" data-name=\"your-email\"><input size=\"40\" maxlength=\"400\" class=\"wpcf7-form-control wpcf7-email wpcf7-validates-as-required wpcf7-text wpcf7-validates-as-email form-jc\" id=\"contactEmail1\" aria-required=\"true\" aria-invalid=\"false\" value=\"\" type=\"email\" name=\"your-email\" \/><\/span>\n\t\t\t<\/p>\n\t\t<\/div>\n\t\t<div class=\"form-group\">\n\t\t\t<p><label for=\"contacttel-926\">Telefonnummer<\/label><span class=\"wpcf7-form-control-wrap\" data-name=\"tel-926\"><input size=\"40\" maxlength=\"400\" class=\"wpcf7-form-control wpcf7-tel wpcf7-validates-as-required wpcf7-text wpcf7-validates-as-tel form-jc\" id=\"contacttel-926\" aria-required=\"true\" aria-invalid=\"false\" value=\"\" type=\"tel\" name=\"tel-926\" \/><\/span>\n\t\t\t<\/p>\n\t\t<\/div>\n\t<\/div>\n\t<div class=\"form-group-right\">\n\t\t<div class=\"form-group\">\n\t\t\t<p><label for=\"contactTextarea\">Nachricht<\/label><span class=\"wpcf7-form-control-wrap\" data-name=\"your-message\"><textarea cols=\"40\" rows=\"4\" maxlength=\"2000\" class=\"wpcf7-form-control wpcf7-textarea wpcf7-validates-as-required form-jc\" id=\"contactTextarea\" aria-required=\"true\" aria-invalid=\"false\" name=\"your-message\"><\/textarea><\/span>\n\t\t\t<\/p>\n\t\t<\/div>\n\t\t<div class=\"form-group acceptance\">\n\t\t\t<p><span class=\"wpcf7-form-control-wrap\" data-name=\"acceptance-774\"><span class=\"wpcf7-form-control wpcf7-acceptance\"><span class=\"wpcf7-list-item\"><input type=\"checkbox\" name=\"acceptance-774\" value=\"1\" aria-invalid=\"false\" \/><\/span><\/span><\/span> I hereby agree that JCommerce Sp. z o.o. shall process my personal data (hereinafter \u2018personal data\u2019), such as: my full name, e-mail address, telephone number and Skype ID\/name for commercial purposes.\n\t\t\t<\/p>\n\t\t<\/div>\n\t\t<div class=\"form-group acceptance\">\n\t\t\t<p><span class=\"wpcf7-form-control-wrap\" data-name=\"acceptance-44\"><span class=\"wpcf7-form-control wpcf7-acceptance\"><span class=\"wpcf7-list-item\"><input type=\"checkbox\" name=\"acceptance-44\" value=\"1\" aria-invalid=\"false\" \/><\/span><\/span><\/span> Ich stimme hiermit zu, dass JCommerce Sp. z o.o. meine pers\u00f6nlichen Daten (nachfolgend \"personenbezogene Daten\") wie meinen vollst\u00e4ndigen Namen, meine E-Mail-Adresse, Telefonnummer f\u00fcr kommerzielle Zwecke verarbeitet. <span id=\"extraConsentHidden\" class=\"extraConsentHidden\" style=\"display: inline-block\"><br \/>\nIch wurde von JCommerce Sp. z o.o. (mit der Adresse \u015aciegiennego Str. 3, 40-001 Katowice), dem Verantwortlichen f\u00fcr personenbezogene Daten, wie folgt informiert:<br \/>\n- Die Bereitstellung der oben genannten personenbezogenen Daten ist freiwillig, aber f\u00fcr kommerzielle oder Marketingzwecke unerl\u00e4sslich, wenn ich diesbez\u00fcglich meine Einwilligung gegeben habe;<br \/>\n- Ich habe das Recht, auf den Inhalt meiner Daten zuzugreifen, einschlie\u00dflich, um Kopien davon zu erhalten und zu korrigieren, zu l\u00f6schen und die Verarbeitung zu beschr\u00e4nken, sowie das Recht, sie zu \u00fcbertragen, das Recht, der Verarbeitung zu widersprechen und das Recht, meine Zustimmung jederzeit zu widerrufen. Die Zur\u00fccknahme meiner Einwilligung ber\u00fchrt jedoch nicht die Rechtm\u00e4\u00dfigkeit der Verarbeitung, die auf der Grundlage der betreffenden Einwilligung vorgenommen wurde, bevor sie widerrufen wird;<br \/>\n- Eine Erkl\u00e4rung \u00fcber den Widerruf meiner Zustimmung zur Verarbeitung personenbezogener Daten sollte an den Hauptsitz von JCommerce Sp. z o.o. oder an die folgende E-Mail-Adresse gesendet werden: zgody@jcommerce.pl. Die R\u00fccknahme der Einwilligung in die Verarbeitung personenbezogener Daten hat zur Folge, dass die oben genannten Verarbeitungszwecke nicht mehr erf\u00fcllt werden k\u00f6nnen;<br \/>\n- Die angegebenen pers\u00f6nlichen Daten k\u00f6nnen von JCommerce Sp. z o.o. geteilt werden, mit den befugten Mitarbeitern und Einzelpersonen, die mit JCommerce in zivilrechtlichen Vertr\u00e4gen zusammenarbeiten, die an der Umsetzung des Zwecks der Verarbeitung beteiligt sind;<br \/>\n- Die \u00fcbermittelten Daten werden auf der Grundlage der einschl\u00e4gigen Bestimmungen der Verordnung (EU) 2016\/679 des Europ\u00e4ischen Parlaments und des Rates vom 27. April 2016 \u00fcber den Schutz nat\u00fcrlicher Personen bei der Verarbeitung personenbezogener Daten und \u00fcber der freie Verkehr dieser Daten und die Aufhebung der Richtlinie 95\/46\/EG (Datenschutz-Grundverordnung), DSGVO verarbeitet;<br \/>\n- Sollten Sie Fragen zum Schutz Ihrer pers\u00f6nlichen Daten haben, kontaktieren Sie uns bitte per E-Mail: odo@jcommerce.pl;<br \/>\n- Die zur Verf\u00fcgung gestellten personenbezogenen Daten werden so lange verarbeitet, wie es f\u00fcr den Zweck, f\u00fcr den sie geliefert wurden, erforderlich ist, oder bis ich meinen diesbez\u00fcglichen Einwand geltend mache. Im Falle der Einlegung eines Widerspruchs, JCommerce Sp. z o.o. verarbeitet meine personenbezogenen Daten nicht mehr zu den oben genannten Zwecken, es sei denn, sie k\u00f6nnen nachweisen, dass berechtigte Gr\u00fcnde vorliegen, die meine Interessen, Rechte und Freiheiten verletzen, oder meine Daten sind erforderlich, um eine etwaige Forderung zu begr\u00fcnden, zu verfolgen oder zu verteidigen;<br \/>\n- Ich habe das Recht, eine Beschwerde bei der Aufsichtsbeh\u00f6rde einzureichen, wenn ich der Ansicht bin, dass die Verarbeitung der oben genannten personenbezogenen Daten gegen die Bestimmung<br \/>\n<\/span><a href=\"#extraConsentHidden\" class=\"extraConsentButton\" data-text1=\"Weiterlesen\" data-text2=\"Weniger\">Weniger<\/a>\n\t\t\t<\/p>\n\t\t\t<p><input class=\"wpcf7-form-control wpcf7-submit has-spinner btn btn-red btn-arrow\" type=\"submit\" value=\"Senden\" \/>\n\t\t\t<\/p>\n\t\t<\/div>\n\t<\/div>\n<\/div><div class=\"wpcf7-response-output\" aria-hidden=\"true\"><\/div>\n<\/form>\n<\/div>\n\n\n\n\n<div style=\"height:80px\" aria-hidden=\"true\" class=\"wp-block-spacer\"><\/div>\n<\/div><\/div>\n","protected":false},"excerpt":{"rendered":"<p>Wir haben 17 Jahre Erfahrung in der Bereitstellung von Entwicklungsteams f\u00fcr internationale Kunden, die Unterst\u00fctzung bei ihrem individuellen Softwareprojekt ben\u00f6tigen. Wir unterst\u00fctzen sowohl das Management und&nbsp;agile Projektteams&nbsp;als auch bauen Nearshore-Entwicklungszentren unterschiedlicher Gr\u00f6\u00dfe.&nbsp;Wir haben \u00fcber 300 IT-Experten an Bord, Projektmanager, Software-Ingenieure, QA-Ingenieure, Data Warehousing und Business Intelligence Entwickler, die an verschiedenen internationalen Projekten arbeiten. Talentpool zum [&hellip;]<\/p>\n","protected":false},"author":1,"featured_media":0,"parent":0,"menu_order":0,"comment_status":"closed","ping_status":"closed","template":"page-new.php","meta":{"_acf_changed":false,"iawp_total_views":35,"footnotes":""},"fupi_page_labels":[],"class_list":["post-8029","page","type-page","status-publish","hentry"],"acf":[],"_links":{"self":[{"href":"https:\/\/nearshore-it.eu\/de\/wp-json\/wp\/v2\/pages\/8029","targetHints":{"allow":["GET"]}}],"collection":[{"href":"https:\/\/nearshore-it.eu\/de\/wp-json\/wp\/v2\/pages"}],"about":[{"href":"https:\/\/nearshore-it.eu\/de\/wp-json\/wp\/v2\/types\/page"}],"author":[{"embeddable":true,"href":"https:\/\/nearshore-it.eu\/de\/wp-json\/wp\/v2\/users\/1"}],"replies":[{"embeddable":true,"href":"https:\/\/nearshore-it.eu\/de\/wp-json\/wp\/v2\/comments?post=8029"}],"version-history":[{"count":26,"href":"https:\/\/nearshore-it.eu\/de\/wp-json\/wp\/v2\/pages\/8029\/revisions"}],"predecessor-version":[{"id":19828,"href":"https:\/\/nearshore-it.eu\/de\/wp-json\/wp\/v2\/pages\/8029\/revisions\/19828"}],"wp:attachment":[{"href":"https:\/\/nearshore-it.eu\/de\/wp-json\/wp\/v2\/media?parent=8029"}],"wp:term":[{"taxonomy":"fupi_page_labels","embeddable":true,"href":"https:\/\/nearshore-it.eu\/de\/wp-json\/wp\/v2\/fupi_page_labels?post=8029"}],"curies":[{"name":"wp","href":"https:\/\/api.w.org\/{rel}","templated":true}]}}