{"id":8032,"date":"2019-10-23T15:01:38","date_gmt":"2019-10-23T13:01:38","guid":{"rendered":"https:\/\/nearshore-it.eu\/de\/?page_id=8032"},"modified":"2022-10-26T14:52:11","modified_gmt":"2022-10-26T12:52:11","slug":"agile-produktentwicklung","status":"publish","type":"page","link":"https:\/\/nearshore-it.eu\/de\/agile-produktentwicklung\/","title":{"rendered":"Agile Produktentwicklung"},"content":{"rendered":"<section class=\"banner-hero\">\r\n    <div class=\"image\">\r\n        <img decoding=\"async\" src=\"https:\/\/nearshore-it.eu\/wp-content\/uploads\/2022\/10\/Abstract1.jpg\" alt=\"\" title=\"\">\r\n    <\/div>\r\n    <div class=\"container\">\r\n        <div class=\"content-box\">\r\n            <div class=\"box\">\r\n\t\t\t\t<p class=\"entry-title\">Agile Productentwicklung<\/p>\n<h1>Software Development Outsourcing mit der Qualit\u00e4t, die Sie ben\u00f6tigen.<\/h1>\n\r\n\t\t\t\t\r\n\t\t\t\t                    <form action=\"\" class=\"newsletter-controller-side\" data-newsletter-media-form-status=\"check\" data-newsletter-media-form=\"container\" method=\"POST\">\r\n                        <input type=\"hidden\" name=\"redirectTo\" value=\"https:\/\/nearshore-it.eu\/de\/danke-seite\/\">\r\n                        <div data-newsletter-media-form=\"loader\" style=\"display: none\">\r\n                            <button href=\"\" class=\"btn btn-red btn-arrow newsletter-processing\">Get access<\/button>\r\n                        <\/div>\r\n                        <div class=\"form-wrapper\" data-newsletter-media-form=\"check\">\r\n                            <div class=\"form-group\">\r\n                                <input class=\"form-jc white\" type=\"email\" name=\"email\" id=\"\" required placeholder=\"\">\r\n                            <\/div>\r\n                            <button type=\"submit\" class=\"btn btn-red btn-arrow\"><\/button>\r\n                        <\/div>\r\n                    <\/form>\r\n\t\t\t\t            <\/div>\r\n        <\/div>\r\n    <\/div>\r\n<\/section>\n\n\n<div style=\"height:75px\" aria-hidden=\"true\" class=\"wp-block-spacer\"><\/div>\n\n\n\n<div class=\"wp-block-columns container is-layout-flex wp-container-core-columns-is-layout-9d6595d7 wp-block-columns-is-layout-flex\">\n<div class=\"wp-block-column container is-layout-flow wp-block-column-is-layout-flow\">\n<h2 class=\"wp-block-heading\">Wenn Sie ein Projekt vorantreiben wollen oder nur eine Idee im Kopf haben, sind wir hier, um Ihnen zu helfen.<\/h2>\n<\/div>\n\n\n\n<div class=\"wp-block-column is-layout-flow wp-block-column-is-layout-flow\">\n<p>\u00dcber 50 ausgef\u00fchrte internationale Projekte und umfangreiche Erfahrung in technischen und kaufm\u00e4nnischen L\u00f6sungen sind der Beweis daf\u00fcr, dass Ihr Projekt bei unserem&nbsp;<strong>Agilen Produktententwicklungs-Team&nbsp;<\/strong>in den richtigen H\u00e4nden ist.<\/p>\n<\/div>\n<\/div>\n\n\n<div class=\"tiles tiles-cta\">\n    <div class=\"container\">\n        <div class=\"content\">\n                            <div class=\"tile\">\n                    <div class=\"tile-image\">\n                                                    <img decoding=\"async\" src=\"https:\/\/nearshore-it.eu\/wp-content\/uploads\/2022\/09\/nearshore_cover.png\" alt=\"\" title=\"\">\n                                            <\/div>\n                    <div class=\"tile-content\">\n                        <div class=\"text\">\n                            <h2 class=\"tile-title\">Fragen Sie nach Ihrem Projekt!<\/h2>\n                            <p class=\"tile-text\">Wenn Sie nur Ihr Projekt planen, kontaktieren Sie uns und vermeiden Sie Technologieverschuldung.<\/p>\n                        <\/div>\n                        <a class=\"btn btn-green inline btn-arrow\" href=\"\/de\/kontakt\">Kontaktiere uns<\/a>\n                    <\/div>\n                <\/div>\n                            <div class=\"tile\">\n                    <div class=\"tile-image\">\n                                                    <img decoding=\"async\" src=\"https:\/\/nearshore-it.eu\/wp-content\/uploads\/2022\/09\/case_study_MEDIM_cover.png\" alt=\"\" title=\"\">\n                                            <\/div>\n                    <div class=\"tile-content\">\n                        <div class=\"text\">\n                            <h2 class=\"tile-title\">Lassen Sie uns gemeinsam \u00fcber Ihre Ideen sprechen!<\/h2>\n                            <p class=\"tile-text\">Wir unterstutzen Sie in jeder Phase Ihres Projekts, egal ob Sie noch am Anfang stehen oder seine Vergr\u00f6\u00dferung planen.<\/p>\n                        <\/div>\n                        <a class=\"btn btn-green inline btn-arrow\" href=\"\/de\/kontakt\/\">Kontaktiere uns<\/a>\n                    <\/div>\n                <\/div>\n                    <\/div>\n    <\/div>\n<\/div>\n\n\n<div style=\"height:60px\" aria-hidden=\"true\" class=\"wp-block-spacer\"><\/div>\n\n\n\n<div class=\"wp-block-group container\"><div class=\"wp-block-group__inner-container is-layout-flow wp-block-group-is-layout-flow\">\n<ul class=\"list-ns wp-block-list\"><li>SCHRITT 1<\/li><\/ul>\n\n\n\n<h2 class=\"wp-block-heading\">Lassen Sie uns wissen, was Sie brauchen<\/h2>\n\n\n\n<p>Wir werden uns mit einer Geheimhaltungsvereinbarung und einer Kurzzeitvereinbarung mit Ihnen in Verbindung setzen, um eine vertrauliche und sichere Beziehung aufzubauen. In der Zwischenzeit starten wir den technischen Experten-Beratungsprozess, um Ihre Gesch\u00e4ftsanforderungen zu analysieren. Nach Fertigstellung senden wir Ihnen den Business Case, unseren L\u00f6sungsvorschlag sowie einen Kosten- und Zeitvoranschlag zu.\u00a0<strong>Dieser Teil ist f\u00fcr Sie kostenlos.<\/strong><\/p>\n\n\n\n<div style=\"height:32px\" aria-hidden=\"true\" class=\"wp-block-spacer\"><\/div>\n<\/div><\/div>\n\n\n\n<div class=\"wp-block-group container\"><div class=\"wp-block-group__inner-container is-layout-flow wp-block-group-is-layout-flow\">\n<ul class=\"list-ns wp-block-list\"><li>SCHRITT 2<\/li><\/ul>\n\n\n\n<h2 class=\"wp-block-heading\">Wir stellen Ihnen den detaillierten Projektbrief zur Verf\u00fcgung<\/h2>\n\n\n\n<p>Um das neue Software Outsourcing Projekt zu starten, m\u00fcssen wir den Rahmenvertrag unterzeichnen. Danach verstehen wir alle Projektanforderungen, einschlie\u00dflich einer detaillierten Gesch\u00e4fts-, Technologie- und Systemanalyse. Nach dieser Phase erwartet Sie ein detaillierter Projektbrief,\u00a0<strong>der Ihnen hilft, die beste Entscheidung zu treffen.<\/strong><\/p>\n\n\n\n<div style=\"height:32px\" aria-hidden=\"true\" class=\"wp-block-spacer\"><\/div>\n<\/div><\/div>\n\n\n\n<div class=\"wp-block-group container\"><div class=\"wp-block-group__inner-container is-layout-flow wp-block-group-is-layout-flow\">\n<ul class=\"list-ns wp-block-list\"><li>SCHRITT 3<\/li><\/ul>\n\n\n\n<h2 class=\"wp-block-heading\">Lassen Sie uns mit dem Projektabwicklungsprozess beginnen<\/h2>\n\n\n\n<p>Hier sind einige Ma\u00dfnahmen, die durchgef\u00fchrt werden m\u00fcssen: Aufbau eines Teams und Werkzeuge f\u00fcr die Projektentwicklung, Aufbau von Kommunikationskan\u00e4len und Arbeitsbeginn. Wir bieten einen agilen und transparenten Lieferprozess mit kontinuierlicher Kommunikation und Problemverfolgung, Qualit\u00e4tskontrolle sowie Erwartungs- und Verbesserungsmanagement (sowohl \u00c4nderungsw\u00fcnsche als auch Entwicklung neuer Funktionen).<\/p>\n\n\n\n<div style=\"height:40px\" aria-hidden=\"true\" class=\"wp-block-spacer\"><\/div>\n<\/div><\/div>\n\n\n\n<div style=\"height:120px\" aria-hidden=\"true\" class=\"wp-block-spacer\"><\/div>\n\n\n\n<div class=\"wp-block-group container\"><div class=\"wp-block-group__inner-container is-layout-flow wp-block-group-is-layout-flow\">\n<h2 class=\"has-text-align-center wp-block-heading\">Dutzende von Kunden aus 24 L\u00e4ndern haben bereits ihre IT-Projekte mit <strong>Software Development Outsourcing Teams<\/strong> von Inetum Poland entwickelt<\/h2>\n\n\n\n<p class=\"has-text-align-center\">Jetzt sind Sie dran!<\/p>\n\n\n\n<div style=\"height:50px\" aria-hidden=\"true\" class=\"wp-block-spacer\"><\/div>\n\n\n\n<div class=\"wpcf7 no-js\" id=\"wpcf7-f19774-o1\" lang=\"de-DE\" dir=\"ltr\" data-wpcf7-id=\"19774\">\n<div class=\"screen-reader-response\"><p role=\"status\" aria-live=\"polite\" aria-atomic=\"true\"><\/p> <ul><\/ul><\/div>\n<form action=\"\/de\/wp-json\/wp\/v2\/pages\/8032#wpcf7-f19774-o1\" method=\"post\" class=\"wpcf7-form init cf7mls-no-scroll cf7mls-no-moving-animation\" aria-label=\"Kontaktformular\" novalidate=\"novalidate\" data-status=\"init\">\n<fieldset class=\"hidden-fields-container\"><input type=\"hidden\" name=\"_wpcf7\" value=\"19774\" \/><input type=\"hidden\" name=\"_wpcf7_version\" value=\"6.1.4\" \/><input type=\"hidden\" name=\"_wpcf7_locale\" value=\"de_DE\" \/><input type=\"hidden\" name=\"_wpcf7_unit_tag\" value=\"wpcf7-f19774-o1\" \/><input type=\"hidden\" name=\"_wpcf7_container_post\" value=\"0\" \/><input type=\"hidden\" name=\"_wpcf7_posted_data_hash\" value=\"\" \/>\n<\/fieldset>\n<div class=\"wpcf7-turnstile cf-turnstile\" data-sitekey=\"0x4AAAAAABkoUN4r6_kcZDfV\" data-response-field-name=\"_wpcf7_turnstile_response\"><\/div>\n\n<div class=\"form-content\">\n\t<div class=\"form-group-left\">\n\t\t<div class=\"form-group\">\n\t\t\t<p><label for=\"contactName\">Name<\/label><span class=\"wpcf7-form-control-wrap\" data-name=\"your-name\"><input size=\"40\" maxlength=\"400\" class=\"wpcf7-form-control wpcf7-text wpcf7-validates-as-required form-jc\" id=\"contactName\" aria-required=\"true\" aria-invalid=\"false\" value=\"\" type=\"text\" name=\"your-name\" \/><\/span>\n\t\t\t<\/p>\n\t\t<\/div>\n\t\t<div class=\"form-group\">\n\t\t\t<p><label for=\"contactCompany\">Unternehmen<\/label><span class=\"wpcf7-form-control-wrap\" data-name=\"your-company\"><input size=\"40\" maxlength=\"400\" class=\"wpcf7-form-control wpcf7-text wpcf7-validates-as-required form-jc\" id=\"contactCompany\" aria-required=\"true\" aria-invalid=\"false\" value=\"\" type=\"text\" name=\"your-company\" \/><\/span>\n\t\t\t<\/p>\n\t\t<\/div>\n\t\t<div class=\"form-group\">\n\t\t\t<p><label for=\"contactEmail1\">E-Mail-Adresse<\/label><span class=\"wpcf7-form-control-wrap\" data-name=\"your-email\"><input size=\"40\" maxlength=\"400\" class=\"wpcf7-form-control wpcf7-email wpcf7-validates-as-required wpcf7-text wpcf7-validates-as-email form-jc\" id=\"contactEmail1\" aria-required=\"true\" aria-invalid=\"false\" value=\"\" type=\"email\" name=\"your-email\" \/><\/span>\n\t\t\t<\/p>\n\t\t<\/div>\n\t\t<div class=\"form-group\">\n\t\t\t<p><label for=\"contacttel-926\">Telefonnummer<\/label><span class=\"wpcf7-form-control-wrap\" data-name=\"tel-926\"><input size=\"40\" maxlength=\"400\" class=\"wpcf7-form-control wpcf7-tel wpcf7-validates-as-required wpcf7-text wpcf7-validates-as-tel form-jc\" id=\"contacttel-926\" aria-required=\"true\" aria-invalid=\"false\" value=\"\" type=\"tel\" name=\"tel-926\" \/><\/span>\n\t\t\t<\/p>\n\t\t<\/div>\n\t<\/div>\n\t<div class=\"form-group-right\">\n\t\t<div class=\"form-group\">\n\t\t\t<p><label for=\"contactTextarea\">Nachricht<\/label><span class=\"wpcf7-form-control-wrap\" data-name=\"your-message\"><textarea cols=\"40\" rows=\"4\" maxlength=\"2000\" class=\"wpcf7-form-control wpcf7-textarea wpcf7-validates-as-required form-jc\" id=\"contactTextarea\" aria-required=\"true\" aria-invalid=\"false\" name=\"your-message\"><\/textarea><\/span>\n\t\t\t<\/p>\n\t\t<\/div>\n\t\t<div class=\"form-group acceptance\">\n\t\t\t<p><span class=\"wpcf7-form-control-wrap\" data-name=\"acceptance-774\"><span class=\"wpcf7-form-control wpcf7-acceptance\"><span class=\"wpcf7-list-item\"><input type=\"checkbox\" name=\"acceptance-774\" value=\"1\" aria-invalid=\"false\" \/><\/span><\/span><\/span> I hereby agree that JCommerce Sp. z o.o. shall process my personal data (hereinafter \u2018personal data\u2019), such as: my full name, e-mail address, telephone number and Skype ID\/name for commercial purposes.\n\t\t\t<\/p>\n\t\t<\/div>\n\t\t<div class=\"form-group acceptance\">\n\t\t\t<p><span class=\"wpcf7-form-control-wrap\" data-name=\"acceptance-44\"><span class=\"wpcf7-form-control wpcf7-acceptance\"><span class=\"wpcf7-list-item\"><input type=\"checkbox\" name=\"acceptance-44\" value=\"1\" aria-invalid=\"false\" \/><\/span><\/span><\/span> Ich stimme hiermit zu, dass JCommerce Sp. z o.o. meine pers\u00f6nlichen Daten (nachfolgend \"personenbezogene Daten\") wie meinen vollst\u00e4ndigen Namen, meine E-Mail-Adresse, Telefonnummer f\u00fcr kommerzielle Zwecke verarbeitet. <span id=\"extraConsentHidden\" class=\"extraConsentHidden\" style=\"display: inline-block\"><br \/>\nIch wurde von JCommerce Sp. z o.o. (mit der Adresse \u015aciegiennego Str. 3, 40-001 Katowice), dem Verantwortlichen f\u00fcr personenbezogene Daten, wie folgt informiert:<br \/>\n- Die Bereitstellung der oben genannten personenbezogenen Daten ist freiwillig, aber f\u00fcr kommerzielle oder Marketingzwecke unerl\u00e4sslich, wenn ich diesbez\u00fcglich meine Einwilligung gegeben habe;<br \/>\n- Ich habe das Recht, auf den Inhalt meiner Daten zuzugreifen, einschlie\u00dflich, um Kopien davon zu erhalten und zu korrigieren, zu l\u00f6schen und die Verarbeitung zu beschr\u00e4nken, sowie das Recht, sie zu \u00fcbertragen, das Recht, der Verarbeitung zu widersprechen und das Recht, meine Zustimmung jederzeit zu widerrufen. Die Zur\u00fccknahme meiner Einwilligung ber\u00fchrt jedoch nicht die Rechtm\u00e4\u00dfigkeit der Verarbeitung, die auf der Grundlage der betreffenden Einwilligung vorgenommen wurde, bevor sie widerrufen wird;<br \/>\n- Eine Erkl\u00e4rung \u00fcber den Widerruf meiner Zustimmung zur Verarbeitung personenbezogener Daten sollte an den Hauptsitz von JCommerce Sp. z o.o. oder an die folgende E-Mail-Adresse gesendet werden: zgody@jcommerce.pl. Die R\u00fccknahme der Einwilligung in die Verarbeitung personenbezogener Daten hat zur Folge, dass die oben genannten Verarbeitungszwecke nicht mehr erf\u00fcllt werden k\u00f6nnen;<br \/>\n- Die angegebenen pers\u00f6nlichen Daten k\u00f6nnen von JCommerce Sp. z o.o. geteilt werden, mit den befugten Mitarbeitern und Einzelpersonen, die mit JCommerce in zivilrechtlichen Vertr\u00e4gen zusammenarbeiten, die an der Umsetzung des Zwecks der Verarbeitung beteiligt sind;<br \/>\n- Die \u00fcbermittelten Daten werden auf der Grundlage der einschl\u00e4gigen Bestimmungen der Verordnung (EU) 2016\/679 des Europ\u00e4ischen Parlaments und des Rates vom 27. April 2016 \u00fcber den Schutz nat\u00fcrlicher Personen bei der Verarbeitung personenbezogener Daten und \u00fcber der freie Verkehr dieser Daten und die Aufhebung der Richtlinie 95\/46\/EG (Datenschutz-Grundverordnung), DSGVO verarbeitet;<br \/>\n- Sollten Sie Fragen zum Schutz Ihrer pers\u00f6nlichen Daten haben, kontaktieren Sie uns bitte per E-Mail: odo@jcommerce.pl;<br \/>\n- Die zur Verf\u00fcgung gestellten personenbezogenen Daten werden so lange verarbeitet, wie es f\u00fcr den Zweck, f\u00fcr den sie geliefert wurden, erforderlich ist, oder bis ich meinen diesbez\u00fcglichen Einwand geltend mache. Im Falle der Einlegung eines Widerspruchs, JCommerce Sp. z o.o. verarbeitet meine personenbezogenen Daten nicht mehr zu den oben genannten Zwecken, es sei denn, sie k\u00f6nnen nachweisen, dass berechtigte Gr\u00fcnde vorliegen, die meine Interessen, Rechte und Freiheiten verletzen, oder meine Daten sind erforderlich, um eine etwaige Forderung zu begr\u00fcnden, zu verfolgen oder zu verteidigen;<br \/>\n- Ich habe das Recht, eine Beschwerde bei der Aufsichtsbeh\u00f6rde einzureichen, wenn ich der Ansicht bin, dass die Verarbeitung der oben genannten personenbezogenen Daten gegen die Bestimmung<br \/>\n<\/span><a href=\"#extraConsentHidden\" class=\"extraConsentButton\" data-text1=\"Weiterlesen\" data-text2=\"Weniger\">Weniger<\/a>\n\t\t\t<\/p>\n\t\t\t<p><input class=\"wpcf7-form-control wpcf7-submit has-spinner btn btn-red btn-arrow\" type=\"submit\" value=\"Senden\" \/>\n\t\t\t<\/p>\n\t\t<\/div>\n\t<\/div>\n<\/div><div class=\"wpcf7-response-output\" aria-hidden=\"true\"><\/div>\n<\/form>\n<\/div>\n\n<\/div><\/div>\n\n\n\n<div style=\"height:100px\" aria-hidden=\"true\" class=\"wp-block-spacer\"><\/div>\n\n\n\n<h2 class=\"has-text-align-center container wp-block-heading\" id=\"warum-sollten-sie-die-agile-produktentwicklung-an-jcommerce-auslagern\">Warum sollten Sie die <strong>agile Produktentwicklung<\/strong> an JCommerce auslagern?<\/h2>\n\n\n\n<p>&nbsp;<\/p>\n\n\n\n<div class=\"wp-block-columns container is-layout-flex wp-container-core-columns-is-layout-9d6595d7 wp-block-columns-is-layout-flex\">\n<div class=\"wp-block-column is-layout-flow wp-block-column-is-layout-flow\">\n<figure class=\"wp-block-image\"><img loading=\"lazy\" decoding=\"async\" width=\"600\" height=\"421\" src=\"https:\/\/nearshore-it.eu\/de\/wp-content\/uploads\/2017\/08\/NS_Grafiki-project-2-25.png\" alt=\"Agile Methodik\" class=\"wp-image-1880\" title=\"\" srcset=\"https:\/\/nearshore-it.eu\/wp-content\/uploads\/2017\/08\/NS_Grafiki-project-2-25.png 600w, https:\/\/nearshore-it.eu\/wp-content\/uploads\/2017\/08\/NS_Grafiki-project-2-25-300x211.png 300w, https:\/\/nearshore-it.eu\/wp-content\/uploads\/2017\/08\/NS_Grafiki-project-2-25-495x347.png 495w\" sizes=\"auto, (max-width: 600px) 100vw, 600px\" \/><\/figure>\n\n\n\n<h3 class=\"wp-block-heading\" id=\"effizienteste-technologien\">Effizienteste Technologien<\/h3>\n\n\n\n<p>Technologie kann sowohl f\u00fcr Ihr Unternehmen als auch f\u00fcr ein erfahrenes Team unserer Experten von Nutzen sein. <strong>Wenn Sie mit uns zusammenarbeiten, k\u00f6nnen Sie Ver\u00e4nderungen annehmen, denn wir f\u00fchren Projekte nach agiler Methodik durch.<\/strong>  Au\u00dferdem haben Sie einen st\u00e4ndigen Einblick in den Fortschritt Ihres  Projekts. Wir glauben, dass transparente Kommunikation der Schl\u00fcssel  ist, insbesondere f\u00fcr eine entfernte Zusammenarbeit.<\/p>\n\n\n\n<a class=\"btn btn-red btn-arrow\" href=\"https:\/\/www.ns\/proux.pl\/de\/softwareentwicklung-leistungen\/\" target=\"_blank\" rel=\"noopener\">Technologien &#038; Methoden<\/a>\n\n\n\n<div class=\"wp-block-buttons alignfull is-content-justification-center is-layout-flex wp-container-core-buttons-is-layout-16018d1d wp-block-buttons-is-layout-flex\"><\/div>\n<\/div>\n\n\n\n<div class=\"wp-block-column is-layout-flow wp-block-column-is-layout-flow\">\n<figure class=\"wp-block-image\"><img decoding=\"async\" src=\"https:\/\/nearshore-it.eu\/de\/wp-content\/uploads\/2019\/10\/grafika-jcommerce-project-delivery-1-1.svg\" alt=\"Agile Produktentwicklung \" class=\"wp-image-8492\" title=\"\"><\/figure>\n\n\n\n<h3 class=\"wp-block-heading\" id=\"alles-was-sie-brauchen-an-einem-ort\">Alles, was Sie brauchen, an einem Ort<\/h3>\n\n\n\n<p>300 Experten in Design, Programmierung, Qualit\u00e4tssicherung, und Projektmanagement stehen bereit, um Ihr Projekt zu unterst\u00fctzen, auch wenn es schnell w\u00e4chst und eine Skalierung erforderlich ist. <strong>Wir helfen Ihnen, sich den neusten digitalen Realit\u00e4ten zu stellen und die IT-Transformation zu gestalten.<\/strong> Wir sind spezialisiert auf Softwareentwicklung, Qualit\u00e4tssicherung, Machine Learning, DevOps, Business Intelligence, Apple Device Management.<\/p>\n\n\n\n<a class=\"btn btn-red btn-arrow\" href=\"\/de\/it-dienstleister-spezialisierungen\/\">Spezialisierungen<\/a>\n<\/div>\n\n\n\n<div class=\"wp-block-column is-layout-flow wp-block-column-is-layout-flow\">\n<figure class=\"wp-block-image\"><img decoding=\"async\" src=\"https:\/\/nearshore-it.eu\/de\/wp-content\/uploads\/2019\/10\/grafika-jcommerce-time-and-material-1.svg\" alt=\"Kosten- und Qualit\u00e4tsmanagement-Tools\" class=\"wp-image-8494\" title=\"\"><\/figure>\n\n\n\n<h3 class=\"wp-block-heading\" id=\"sie-wissen-wofur-sie-bezahlen\">Sie wissen, wof\u00fcr Sie bezahlen<\/h3>\n\n\n\n<p>Wir verwenden das Zeit- und  Materialkooperationsmodell, das dem agilen Modell perfekt entspricht und  Ihren Erwartungen am besten entgegenkommt, so dass Sie f\u00fcr die  tats\u00e4chliche Zeit, die wir f\u00fcr Ihr Projekt verwenden, bezahlen. <strong>In allen unseren Projekten integrieren wir Kosten- und Qualit\u00e4tsmanagement-Tools, um Ihnen die Kontrolle zu geben<\/strong>. Wir glauben, dass eine transparente Kommunikation der Grundstein f\u00fcr unsere Gesch\u00e4ftspartnerschaft ist.<\/p>\n\n\n\n<a class=\"btn btn-red btn-arrow\" href=\"de\/agile-produktentwicklung\/lieferungsprozess-und-preisgestaltung\/\">Phasen und Preise<\/a>\n<\/div>\n<\/div>\n\n\n\n<div class=\"wp-block-group container\"><div class=\"wp-block-group__inner-container is-layout-flow wp-block-group-is-layout-flow\">\n<div style=\"height:140px\" aria-hidden=\"true\" class=\"wp-block-spacer\"><\/div>\n\n\n\n<h3 class=\"has-text-align-left wp-block-heading\" id=\"wir-setzen-qualitat-an-die-erste-stelle\">Wir setzen Qualit\u00e4t an die erste Stelle<\/h3>\n\n\n\n<div style=\"height:25px\" aria-hidden=\"true\" class=\"wp-block-spacer\"><\/div>\n\n\n\n<div class=\"wp-block-columns has-2-columns is-layout-flex wp-container-core-columns-is-layout-9d6595d7 wp-block-columns-is-layout-flex\">\n<div class=\"wp-block-column is-layout-flow wp-block-column-is-layout-flow\">\n<p>Sauberer und leicht skalierbarer Code und Fehlervermeidung sind kein Luxus, sondern essentiell f\u00fcr den Erfolg von <strong>Software development Outsourcing<\/strong>. Unsere Qualit\u00e4tspolitik basiert auf Standards und Best Practices sowie  auf der Erfahrung unserer Entwickler und des Qualit\u00e4tssicherungsteams.  Unsere Kooperationsmethoden und hohen Standards reduzieren das Risiko  und die Kosten der von uns gelieferten Projekte.<\/p>\n\n\n\n<p> Wir sind ein <strong>Software Dienstleiser<\/strong>, das sich zum Ziel gesetzt hat, alle Projekte termingerecht und zu einem erschwinglichen Preis anzubieten.   Das Outsourcing eines gro\u00dfen Softwareprojekts an unser Team kann im  Vertrauen erfolgen, da viele abgeschlossene Projekte erfolgreich  abgeschlossen wurden.<\/p>\n<\/div>\n\n\n\n<div class=\"wp-block-column is-layout-flow wp-block-column-is-layout-flow\">\n<figure class=\"wp-block-image\"><img loading=\"lazy\" decoding=\"async\" width=\"600\" height=\"421\" src=\"https:\/\/nearshore-it.eu\/de\/wp-content\/uploads\/2017\/08\/NS_Grafiki-project-3-15.png\" alt=\"Qualit\u00e4tssicherung\" class=\"wp-image-1872\" title=\"\" srcset=\"https:\/\/nearshore-it.eu\/wp-content\/uploads\/2017\/08\/NS_Grafiki-project-3-15.png 600w, https:\/\/nearshore-it.eu\/wp-content\/uploads\/2017\/08\/NS_Grafiki-project-3-15-300x211.png 300w, https:\/\/nearshore-it.eu\/wp-content\/uploads\/2017\/08\/NS_Grafiki-project-3-15-495x347.png 495w\" sizes=\"auto, (max-width: 600px) 100vw, 600px\" \/><\/figure>\n<\/div>\n<\/div>\n<\/div><\/div>\n\n\n\n<div style=\"height:120px\" aria-hidden=\"true\" class=\"wp-block-spacer\"><\/div>\n","protected":false},"excerpt":{"rendered":"<p>Wenn Sie ein Projekt vorantreiben wollen oder nur eine Idee im Kopf haben, sind wir hier, um Ihnen zu helfen. \u00dcber 50 ausgef\u00fchrte internationale Projekte und umfangreiche Erfahrung in technischen und kaufm\u00e4nnischen L\u00f6sungen sind der Beweis daf\u00fcr, dass Ihr Projekt bei unserem&nbsp;Agilen Produktententwicklungs-Team&nbsp;in den richtigen H\u00e4nden ist. SCHRITT 1 Lassen Sie uns wissen, was Sie [&hellip;]<\/p>\n","protected":false},"author":1,"featured_media":0,"parent":0,"menu_order":0,"comment_status":"closed","ping_status":"closed","template":"page-new.php","meta":{"_acf_changed":false,"iawp_total_views":22,"footnotes":""},"fupi_page_labels":[],"class_list":["post-8032","page","type-page","status-publish","hentry"],"acf":[],"_links":{"self":[{"href":"https:\/\/nearshore-it.eu\/de\/wp-json\/wp\/v2\/pages\/8032","targetHints":{"allow":["GET"]}}],"collection":[{"href":"https:\/\/nearshore-it.eu\/de\/wp-json\/wp\/v2\/pages"}],"about":[{"href":"https:\/\/nearshore-it.eu\/de\/wp-json\/wp\/v2\/types\/page"}],"author":[{"embeddable":true,"href":"https:\/\/nearshore-it.eu\/de\/wp-json\/wp\/v2\/users\/1"}],"replies":[{"embeddable":true,"href":"https:\/\/nearshore-it.eu\/de\/wp-json\/wp\/v2\/comments?post=8032"}],"version-history":[{"count":55,"href":"https:\/\/nearshore-it.eu\/de\/wp-json\/wp\/v2\/pages\/8032\/revisions"}],"predecessor-version":[{"id":19930,"href":"https:\/\/nearshore-it.eu\/de\/wp-json\/wp\/v2\/pages\/8032\/revisions\/19930"}],"wp:attachment":[{"href":"https:\/\/nearshore-it.eu\/de\/wp-json\/wp\/v2\/media?parent=8032"}],"wp:term":[{"taxonomy":"fupi_page_labels","embeddable":true,"href":"https:\/\/nearshore-it.eu\/de\/wp-json\/wp\/v2\/fupi_page_labels?post=8032"}],"curies":[{"name":"wp","href":"https:\/\/api.w.org\/{rel}","templated":true}]}}