{"id":33601,"date":"2019-10-23T14:25:26","date_gmt":"2019-10-23T12:25:26","guid":{"rendered":"https:\/\/nearshore-it.eu\/polityka-prywatnosci\/"},"modified":"2024-10-23T13:23:59","modified_gmt":"2024-10-23T11:23:59","slug":"polityka-prywatnosci","status":"publish","type":"page","link":"https:\/\/nearshore-it.eu\/pl\/polityka-prywatnosci\/","title":{"rendered":"Polityka prywatno\u015bci"},"content":{"rendered":"\n<div style=\"height:146px\" aria-hidden=\"true\" class=\"wp-block-spacer\"><\/div>\n\n\n\n<div class=\"wp-block-group container\"><div class=\"wp-block-group__inner-container is-layout-flow wp-block-group-is-layout-flow\">\n<h1 class=\"wp-block-heading\">Polityka prywatno\u015bci<\/h1>\n\n\n\n<div style=\"height:16px\" aria-hidden=\"true\" class=\"wp-block-spacer\"><\/div>\n\n\n\n<p>W zwi\u0105zku z korzystaniem z naszych us\u0142ug u\u017cytkownik powierza nam swoje dane osobowe. Naszym celem i obowi\u0105zkiem jest zapewnienie bezpiecze\u0144stwa i w\u0142a\u015bciwego wykorzystania przekazanych nam danych osobowych. Niniejsza Polityka Prywatno\u015bci reguluje zasady przetwarzania i ochrony Twoich danych osobowych w zwi\u0105zku z korzystaniem przez Ciebie z naszej strony internetowej www.nearshore-it.eu (zwanej dalej &#8222;Stron\u0105 Internetow\u0105&#8221;). Zapewniamy, \u017ce nasza firma \u015bci\u015ble przestrzega polityki bezpiecze\u0144stwa danych.<\/p>\n\n\n\n<div style=\"height:30px\" aria-hidden=\"true\" class=\"wp-block-spacer\"><\/div>\n\n\n\n<h2 class=\"wp-block-heading\">INFORMACJE OG\u00d3LNE<\/h2>\n\n\n\n<ol class=\"wp-block-list\">\n<li>W\u0142a\u015bcicielem strony internetowej www.inetum.pl jest Inetum Polska Sp. z o.o.  z siedzib\u0105 w Warszawie przy ulicy Wo\u0142oskiej 24, zarejestrowana w rejestrze przedsi\u0119biorc\u00f3w Krajowego Rejestru S\u0105dowego przez S\u0105d Rejonowy Katowice-Wsch\u00f3d w Katowicach Wydzia\u0142 VIII Gospodarczy Krajowego Rejestru S\u0105dowego pod numerem KRS 0000008546<strong>.   <\/strong><\/li>\n\n\n\n<li>W zwi\u0105zku z korzystaniem przez Ciebie z naszej Strony pozyskujemy Twoje dane osobowe w nast\u0119puj\u0105cy spos\u00f3b:\n<ul class=\"wp-block-list\">\n<li>poprzez dobrowolnie wprowadzenie przez Ciebie informacji w zamieszczonych na naszej Stronie formularzach;<\/li>\n\n\n\n<li>poprzez zapisywanie informacji w plikach tekstowych przechowywanych w urz\u0105dzeniu ko\u0144cowym U\u017cytkownika (pliki cookies).<\/li>\n<\/ul>\n<\/li>\n\n\n\n<li>Korzystaj\u0105c z naszej Strony powiniene\u015b:\n<ul class=\"wp-block-list\">\n<li>zaakceptowa\u0107 nasz\u0105 Polityk\u0119 Prywatno\u015bci,<\/li>\n\n\n\n<li>dobrowolnie wyrazi\u0107 zgod\u0119 na przetwarzanie przez Inetum Polska Sp. z o.o. Twoich danych osobowych zgodnie z opisanym poni\u017cej celem. <\/li>\n<\/ul>\n<\/li>\n<\/ol>\n\n\n\n<div style=\"height:30px\" aria-hidden=\"true\" class=\"wp-block-spacer\"><\/div>\n\n\n\n<h2 class=\"wp-block-heading\">DANE OSOBOWE U\u017bYTKOWNIK\u00d3W<\/h2>\n\n\n\n<h3 class=\"wp-block-heading\"><strong>Zakres i cel wykorzystywania przez nas danych osobowych<\/strong><\/h3>\n\n\n\n<ol class=\"wp-block-list\">\n<li>W zakresie uzasadnionym \u015bwiadczonymi us\u0142ugami gromadzimy, przetwarzamy i przechowujemy nast\u0119puj\u0105ce dane osobowe oraz informacje:\n<ul class=\"wp-block-list\">\n<li>imi\u0119 i nazwisko,<\/li>\n\n\n\n<li>adres poczty elektronicznej,<\/li>\n\n\n\n<li>informacje o komputerze, korzystaniu ze Strony oraz ilo\u015bci i czasu jej odwiedzin, a tak\u017ce parametr\u00f3w po\u0142\u0105czenia (w tym adresu IP, lokalizacji geograficznej, typ i wersja przegl\u0105darki, system operacyjny, \u017ar\u00f3d\u0142o odes\u0142a\u0144, d\u0142ugo\u015b\u0107 odwiedzin, ods\u0142on Strony i \u015bcie\u017cki nawigacji na Stronie),<\/li>\n\n\n\n<li>informacje udost\u0119pnione nam w zwi\u0105zku z korzystaniem z us\u0142ug na Stronie lub generowane w trakcie korzystania z tych us\u0142ug,<\/li>\n\n\n\n<li>informacje zawarte w jakimkolwiek komunikacie wys\u0142anym nam bezpo\u015brednio lub za po\u015brednictwem Strony,<\/li>\n\n\n\n<li>jakiekolwiek inne dobrowolnie przekazane nam przez Ciebie informacje lub dane osobowe.<\/li>\n<\/ul>\n<\/li>\n\n\n\n<li>Wszelkie przekazane nam dane osobowe przetwarzamy zgodnie z przepisami obowi\u0105zuj\u0105cego prawa.<\/li>\n\n\n\n<li>Przekazane nam przez Ciebie dane osobowe przetwarzamy wy\u0142\u0105cznie w celu i zakresie na jaki wyrazi\u0142e\u015b zgod\u0119.<\/li>\n\n\n\n<li>Gromadzimy wy\u0142\u0105cznie dane osobowe przekazane nam przez Ciebie dobrowolnie.<br>W niekt\u00f3rych przypadkach dobrowolne podanie nam Twoich danych osobowych mo\u017ce by\u0107 konieczne. Niewyra\u017cenie przez Ciebie zgody na ich przetwarzanie mo\u017ce spowodowa\u0107 ograniczon\u0105 mo\u017cliwo\u015b\u0107 korzystania z naszych us\u0142ug.  <\/li>\n\n\n\n<li>Przekazane nam przez Ciebie dane osobowe b\u0119dziemy wykorzystywa\u0107 w celach:\n<ul class=\"wp-block-list\">\n<li>udzielania odpowiedzi na Twoje pytania zadane nam za po\u015brednictwem formularzy zamieszczonych na Stronie lub wiadomo\u015bci email,<\/li>\n\n\n\n<li>przeprowadzania przez nas procesu rekrutacji (w zwi\u0105zku z przes\u0142anym nam przez Ciebie CV lub innych dokument\u00f3w aplikacyjnych),<\/li>\n\n\n\n<li>spersonalizowania naszej Strony,<\/li>\n\n\n\n<li>wysy\u0142ania wiadomo\u015bci, ofert lub informacji handlowych,<\/li>\n\n\n\n<li>wysy\u0142ania powiadomie\u0144 za po\u015brednictwem wiadomo\u015bci email,<\/li>\n\n\n\n<li>wysy\u0142ania naszego newslettera drog\u0105 elektroniczn\u0105 (mo\u017cesz nas poinformowa\u0107<br>w dowolnym czasie o rezygnacji z ch\u0119ci jego otrzymywania),<\/li>\n\n\n\n<li>wysy\u0142ania drog\u0105 elektroniczn\u0105 materia\u0142\u00f3w i informacji marketingowych, kt\u00f3re mog\u0105 Ci\u0119 naszym zdaniem zainteresowa\u0107,<\/li>\n\n\n\n<li>dbania o bezpiecze\u0144stwo naszej Strony i zapobiegania oszustwom,<\/li>\n\n\n\n<li>administrowania nasz\u0105 Stron\u0105.<\/li>\n<\/ul>\n<\/li>\n<\/ol>\n\n\n\n<h3 class=\"wp-block-heading\"><strong>UDOST\u0118PNIANIE DANYCH OSOBOWYCH<\/strong><\/h3>\n\n\n\n<ol class=\"wp-block-list\">\n<li>Przekazane nam dane osobowe udost\u0119pniamy podmiotom trzecim wy\u0142\u0105cznie po uzyskaniu na to Twojej wyra\u017anej zgody. O konieczno\u015bci udost\u0119pnienia tych danych podmiotowi trzeciemu zostaniesz przez nas ka\u017cdorazowo poinformowany. Masz prawo nie wyrazi\u0107 zgody na udost\u0119pnienie przez nas Twoich danych osobowych takim podmiotom.  <\/li>\n\n\n\n<li>Twoje dane osobowe mo\u017cemy udost\u0119pni\u0107 naszym pracownikom, wsp\u00f3\u0142pracownikom, podwykonawcom, dostawcom, ubezpieczycielom, jednak wy\u0142\u0105cznie w zakresie w jakim b\u0119dzie to niezb\u0119dne dla zrealizowania przez nas cel\u00f3w okre\u015blonych w niniejszej Polityce Prywatno\u015bci. Osoby te s\u0105 zobowi\u0105zane do zachowania takich danych w poufno\u015bci. <\/li>\n\n\n\n<li>Przekazane nam przez Ciebie dane osobowe mog\u0105 by\u0107 przez nas udost\u0119pnione podmiotowi trzeciemu wy\u0142\u0105cznie w granicach prawnie dozwolonych.<\/li>\n\n\n\n<li>Twoje dane osobowe mo\u017cemy udost\u0119pni\u0107 podmiotom trzecim w szczeg\u00f3lno\u015bci przypadku:\n<ul class=\"wp-block-list\">\n<li>wyra\u017cenia przez Ciebie zgody na takie post\u0119powanie,<\/li>\n\n\n\n<li>gdy wynika to z obowi\u0105zuj\u0105cych przepis\u00f3w prawa,<\/li>\n\n\n\n<li>gdy zostaniemy do tego zobowi\u0105zani na mocy orzeczenia s\u0105du lub decyzji innego w\u0142a\u015bciwego organu, w zwi\u0105zku tocz\u0105cym si\u0119 post\u0119powaniem prowadzonym przez w\u0142a\u015bciwe organy, zaistnienia konieczno\u015bci.<\/li>\n\n\n\n<li>gdy istnieje potrzeba obrony naszych praw (w tym przekazywania informacji innym osobom w celu zapobiegania nadu\u017cyciom i ograniczania ryzyka kredytowego),<\/li>\n<\/ul>\n<\/li>\n\n\n\n<li>Przekazane nam przez Ciebie dane osobowe mog\u0105 by\u0107 przez nas przechowywane, przetwarzane i przekazywane mi\u0119dzy dowolnymi krajami i lokalizacjami, w kt\u00f3rych dzia\u0142amy, aby umo\u017cliwi\u0107 nam wykorzystywanie tych danych zgodnie z zasadami niniejszej Polityki Prywatno\u015bci.<\/li>\n<\/ol>\n\n\n\n<h3 class=\"wp-block-heading\"><strong>Dost\u0119p do danych osobowych<\/strong><\/h3>\n\n\n\n<ol class=\"wp-block-list\">\n<li>Zapewniamy Ci prawo dost\u0119pu do Twoich danych osobowych w ka\u017cdym czasie, w zwi\u0105zku z czym mo\u017cesz je modyfikowa\u0107 lub poprawia\u0107 ewentualne b\u0142\u0119dy.<\/li>\n\n\n\n<li>Masz tak\u017ce prawo \u017c\u0105dania ca\u0142kowitego usuni\u0119cia lub uaktualnienia przez nas Twoich danych osobowych. Pro\u015bb\u0119 tak\u0105 nale\u017cy przes\u0142a\u0107 na adres rodo@inetum.pl. Zapewniamy, \u017ce niezw\u0142ocznie podejmiemy odpowiednie dzia\u0142ania w celu spe\u0142nienia Twojej pro\u015bby pod warunkiem, \u017ce b\u0119dzie to zgodne z obowi\u0105zuj\u0105cymi przepisami prawa.  <\/li>\n\n\n\n<li>Mo\u017cesz tak\u017ce w ka\u017cdym czasie skontaktowa\u0107 si\u0119 z nami w celu uzyskania informacji czy i w jaki spos\u00f3b wykorzystujemy lub zamierzamy wykorzystywa\u0107 Twoje dane osobowe.<\/li>\n\n\n\n<li>Poinformuj nas o konieczno\u015bci zmiany lub uaktualnienia Twoich danych osobowych.<\/li>\n<\/ol>\n\n\n\n<h3 class=\"wp-block-heading\"><strong>Bezpiecze\u0144stwo danych osobowych<\/strong><\/h3>\n\n\n\n<ol class=\"wp-block-list\">\n<li>Stosujemy odpowiednie procedury i wykorzystujemy odpowiednie \u015brodki techniczne w celu zabezpieczenia Twoich danych osobowych przed ich utrat\u0105, nieuprawnionym dost\u0119pem os\u00f3b trzecich, niew\u0142a\u015bciwym zastosowaniem, zmian\u0105 lub zniszczeniem. Jednak\u017ce pomimo podejmowanych przez nas z zachowaniem najwy\u017cszej staranno\u015bci dzia\u0142a\u0144 ca\u0142kowite zabezpieczenie danych osobowych przed wszystkimi wyst\u0119puj\u0105cymi zagro\u017ceniami nie jest mo\u017cliwe. Twoje dane osobowe b\u0119dziemy przechowywa\u0107 na chronionych w odpowiedni spos\u00f3b serwerach.  <\/li>\n\n\n\n<li>Przekazane nam przez Ciebie dane osobowe b\u0119dziemy przetwarza\u0107 wy\u0142\u0105cznie przez okres niezb\u0119dny do realizacji cel\u00f3w okre\u015blonych w niniejszej Polityce Prywatno\u015bci lub do chwili, w kt\u00f3rej za\u017c\u0105dasz usuni\u0119cia przez nas tych danych.<\/li>\n<\/ol>\n\n\n\n<div style=\"height:30px\" aria-hidden=\"true\" class=\"wp-block-spacer\"><\/div>\n\n\n\n<h2 class=\"wp-block-heading\">INFORMACJA O PLIKACH COOKIES<\/h2>\n\n\n\n<h3 class=\"wp-block-heading\"><strong>Informacje og\u00f3lne<\/strong><\/h3>\n\n\n\n<ol class=\"wp-block-list\">\n<li>Korzystamy z plik\u00f3w cookies.<\/li>\n\n\n\n<li>Pliki cookies (tzw. \u201eciasteczka\u201d) stanowi\u0105 dane komputerowe, w szczeg\u00f3lno\u015bci pliki tekstowe, przechowywane w urz\u0105dzeniu ko\u0144cowym u\u017cytkownika i przeznaczone s\u0105 do korzystania ze stron internetowych. Pliki te pozwalaj\u0105 rozpozna\u0107 urz\u0105dzenie u\u017cytkownika i odpowiednio wy\u015bwietli\u0107 stron\u0119 internetow\u0105 dostosowan\u0105 do jego indywidualnych preferencji. Pliki cookies zazwyczaj zawieraj\u0105 nazw\u0119 strony internetowej, z kt\u00f3rej pochodz\u0105, czas przechowywania ich na urz\u0105dzeniu ko\u0144cowym oraz unikalny numer.  <\/li>\n\n\n\n<li>Strona wykorzystuje pliki cookie w celu dostosowania jej zawarto\u015bci do preferencji u\u017cytkownika i zoptymalizowania jej pod wzgl\u0119dem u\u017cyteczno\u015bci. Pliki te u\u017cywane s\u0105 tak\u017ce w celu tworzenia anonimowych, zagregowanych statystyk, umo\u017cliwiaj\u0105cych analiz\u0119 sposobu korzystania ze stron internetowych, co przyczynia si\u0119 do ulepszenia ich struktury i zawarto\u015bci z wy\u0142\u0105czeniem personalnej identyfikacji u\u017cytkownika.<br><br>Dane osobowe gromadzone za pomoc\u0105 plik\u00f3w cookies mog\u0105 by\u0107 zbierane wy\u0142\u0105cznie w celu wykonywania okre\u015blonych funkcji dla u\u017cytkownika. Takie dane s\u0105 kodowane w celu uniemo\u017cliwienia dost\u0119pu do nich przez nieautoryzowanych u\u017cytkownik\u00f3w. <\/li>\n\n\n\n<li>U\u017cywamy dw\u00f3ch rodzaj\u00f3w plik\u00f3w cookies:\n<ul class=\"wp-block-list\">\n<li>sesyjnych \u2013 b\u0119d\u0105cych plikami tymczasowymi, przechowywanymi w urz\u0105dzeniu ko\u0144cowym u\u017cytkownika do czasu opuszczenia strony internetowej, wylogowania lub wy\u0142\u0105czenia przegl\u0105darki internetowej<\/li>\n\n\n\n<li>sta\u0142ych \u2013 b\u0119d\u0105cych plikami trwa\u0142ymi, przechowywanymi w urz\u0105dzeniu ko\u0144cowym u\u017cytkownika przez czas okre\u015blony w parametrach plik\u00f3w cookies lub do czasu ich r\u0119cznego usuni\u0119cia przez u\u017cytkownika.<\/li>\n<\/ul>\n<\/li>\n\n\n\n<li>Aktualna lista narz\u0119dzi analitycznych\/ 3rd party cookies, z&nbsp;kt\u00f3rych&nbsp;korzystamy:<\/li>\n<\/ol>\n\n\n<ol class=\"fupi_privacy fupi_display_as_list\"><li style=\"text-transform: capitalize;\"><a href=\"https:\/\/business.safety.google\/privacy\/\" target=\"_blank\" rel=\"nofollow noopener\">Google Ads<\/a><\/li><li style=\"text-transform: capitalize;\"><a href=\"https:\/\/business.safety.google\/privacy\/\" target=\"_blank\" rel=\"nofollow noopener\">Google Analytics<\/a><\/li><li style=\"text-transform: capitalize;\"><a href=\"https:\/\/www.linkedin.com\/legal\/privacy-policy#data\" target=\"_blank\" rel=\"nofollow noopener\">LinkedIn Insight<\/a><\/li><li style=\"text-transform: capitalize;\"><a href=\"https:\/\/www.facebook.com\/privacy\/policy\/\" target=\"_blank\" rel=\"nofollow noopener\">Meta Pixel<\/a><\/li><li style=\"text-transform: capitalize;\"><a href=\"https:\/\/learn.microsoft.com\/en-us\/clarity\/setup-and-installation\/privacy-disclosure\" target=\"_blank\" rel=\"nofollow noopener\">Microsoft Clarity<\/a><\/li><li style=\"text-transform: capitalize;\"><a href=\"https:\/\/www.salesforce.com\/company\/legal\/privacy\/\" target=\"_blank\" rel=\"nofollow noopener\">Salesforce<\/a><\/li><li style=\"text-transform: capitalize;\"><a href=\"https:\/\/unbounce.com\/privacy\/\" target=\"_blank\" rel=\"nofollow noopener\">Unbounce<\/a><\/li><li style=\"text-transform: capitalize;\"><a href=\"https:\/\/business.safety.google\/privacy\/\" target=\"_blank\" rel=\"nofollow noopener\">Google Tag Manager<\/a><\/li><li style=\"text-transform: capitalize;\">WP Full Picture<\/li><\/ol>\n\n\n\n<h3 class=\"wp-block-heading\"><strong>Zarz\u0105dzanie plikami cookies<\/strong><\/h3>\n\n\n\n<ol class=\"wp-block-list\">\n<li>Oprogramowanie s\u0142u\u017c\u0105ce do przegl\u0105dania stron internetowych (przegl\u0105darka internetowa) zazwyczaj domy\u015blnie dopuszcza umieszczanie plik\u00f3w cookies w urz\u0105dzeniu ko\u0144cowym u\u017cytkownika. U\u017cytkownicy Serwisu mog\u0105 dokona\u0107 zmiany ustawie\u0144 w tym zakresie, tak aby blokowa\u0107 automatyczn\u0105 obs\u0142ug\u0119 plik\u00f3w cookies w przegl\u0105darce lub b\u0105d\u017a informowa\u0107 o ka\u017cdorazowym zamieszczeniu cookies na urz\u0105dzeniu u\u017cytkowania. Szczeg\u00f3\u0142owe informacje na ten temat zawiera pomoc lub dokumentacja przegl\u0105darki internetowej. Informujemy jednak, \u017ce ograniczenia stosowania plik\u00f3w cookies mog\u0105 wp\u0142yn\u0105\u0107 na niekt\u00f3re funkcjonalno\u015bci dost\u0119pne na naszej Stronie, a w niekt\u00f3rych przypadkach mo\u017ce ca\u0142kowicie uniemo\u017cliwi\u0107 korzystanie ze Strony.   <\/li>\n\n\n\n<li>Pliki cookies zamieszczane s\u0105 w urz\u0105dzeniu ko\u0144cowym u\u017cytkownika i wykorzystywane mog\u0105 by\u0107 r\u00f3wnie\u017c przez wsp\u00f3\u0142pracuj\u0105cych z nami reklamodawc\u00f3w oraz partner\u00f3w.<\/li>\n\n\n\n<li>Zamieszczone na naszej Stronie odsy\u0142acze mog\u0105 przekierowywa\u0107 Ci\u0119 na inne strony internetowe. Zach\u0119camy do zapoznania si\u0119 z polityk\u0105 ochrony prywatno\u015bci wsp\u00f3\u0142pracuj\u0105cych z nami reklamodawc\u00f3w i partner\u00f3w, aby pozna\u0107 zasady korzystania z plik\u00f3w cookies wykorzystywane w statystykach. <\/li>\n\n\n\n<li>Pliki cookies mog\u0105 by\u0107 wykorzystane przez sieci reklamowe, do wy\u015bwietlenia reklam dopasowanych do sposobu, w jaki korzystasz z naszej Strony. W tym celu mog\u0105 zachowa\u0107 informacj\u0119 o \u015bcie\u017cce nawigacji u\u017cytkownika lub czasie pozostawania na Stronie. <\/li>\n\n\n\n<li>W celu zarz\u0105dzania ustawieniami plik\u00f3w cookies nale\u017cy wybra\u0107 w\u0142a\u015bciw\u0105 przegl\u0105dark\u0119 internetow\u0105, a nast\u0119pnie post\u0119powa\u0107 zgodnie z instrukcjami.<\/li>\n<\/ol>\n\n\n\n<div style=\"height:30px\" aria-hidden=\"true\" class=\"wp-block-spacer\"><\/div>\n\n\n\n<h2 class=\"wp-block-heading\">ZMIANY POLITYKI PRYWATNO\u015aCI<\/h2>\n\n\n\n<p>Zastrzegamy, \u017ce mo\u017cemy wprowadza\u0107 zmiany w niniejszym dokumencie. Nowa wersja naszej Polityki Prywatno\u015bci zostanie za ka\u017cdym razem opublikowania na naszej Stronie. Zach\u0119camy Ci\u0119 do regularnego zapoznawania si\u0119 z nasz\u0105 Polityk\u0105 Prywatno\u015bci.  <\/p>\n\n\n\n<div style=\"height:30px\" aria-hidden=\"true\" class=\"wp-block-spacer\"><\/div>\n\n\n\n<h2 class=\"wp-block-heading\">NEWSLETTER NEARSHORE-IT.EU<\/h2>\n\n\n\n<ol class=\"wp-block-list\">\n<li>W przypadku dokonywania rejestracji w bezp\u0142atnym newsletterze nearshore-it.eu zostaniesz proszony o wype\u0142nienie wszystkich obowi\u0105zkowych p\u00f3l w formularzu (imi\u0119 i nazwisko, adres e-mail, stanowisko, nazwa firmy) w celu za\u0142o\u017cenia konta. Wszystkie dane osobowe os\u00f3b, kt\u00f3re dokona\u0142y takiej rejestracji s\u0105 przez nas odpowiednio chronione, zgodnie z przepisami ustawy z dnia 29 sierpnia 1997 r. o ochronie danych osobowych. <\/li>\n\n\n\n<li>Zapisuj\u0105c si\u0119 do naszego newslettera, wyra\u017casz zgod\u0119 na otrzymywanie informacji (w tym reklam) drog\u0105 elektroniczn\u0105, na podany nam przez Ciebie adres e-mail, zgodnie z przepisami ustawy z dnia 18 sierpnia 2002 r. o us\u0142ugach elektronicznych.<\/li>\n<\/ol>\n<\/div><\/div>\n\n\n\n<div style=\"height:60px\" aria-hidden=\"true\" class=\"wp-block-spacer\"><\/div>\n","protected":false},"excerpt":{"rendered":"<p>Polityka prywatno\u015bci W zwi\u0105zku z korzystaniem z naszych us\u0142ug u\u017cytkownik powierza nam swoje dane osobowe. Naszym celem i obowi\u0105zkiem jest zapewnienie bezpiecze\u0144stwa i w\u0142a\u015bciwego wykorzystania przekazanych nam danych osobowych. Niniejsza Polityka Prywatno\u015bci reguluje zasady przetwarzania i ochrony Twoich danych osobowych w zwi\u0105zku z korzystaniem przez Ciebie z naszej strony internetowej www.nearshore-it.eu (zwanej dalej &#8222;Stron\u0105 Internetow\u0105&#8221;). [&hellip;]<\/p>\n","protected":false},"author":1,"featured_media":33602,"parent":0,"menu_order":0,"comment_status":"closed","ping_status":"closed","template":"page-new.php","meta":{"_acf_changed":false,"iawp_total_views":75,"footnotes":""},"fupi_page_labels":[],"class_list":["post-33601","page","type-page","status-publish","has-post-thumbnail","hentry"],"acf":[],"_links":{"self":[{"href":"https:\/\/nearshore-it.eu\/pl\/wp-json\/wp\/v2\/pages\/33601","targetHints":{"allow":["GET"]}}],"collection":[{"href":"https:\/\/nearshore-it.eu\/pl\/wp-json\/wp\/v2\/pages"}],"about":[{"href":"https:\/\/nearshore-it.eu\/pl\/wp-json\/wp\/v2\/types\/page"}],"author":[{"embeddable":true,"href":"https:\/\/nearshore-it.eu\/pl\/wp-json\/wp\/v2\/users\/1"}],"replies":[{"embeddable":true,"href":"https:\/\/nearshore-it.eu\/pl\/wp-json\/wp\/v2\/comments?post=33601"}],"version-history":[{"count":6,"href":"https:\/\/nearshore-it.eu\/pl\/wp-json\/wp\/v2\/pages\/33601\/revisions"}],"predecessor-version":[{"id":33628,"href":"https:\/\/nearshore-it.eu\/pl\/wp-json\/wp\/v2\/pages\/33601\/revisions\/33628"}],"wp:featuredmedia":[{"embeddable":true,"href":"https:\/\/nearshore-it.eu\/pl\/wp-json\/wp\/v2\/media\/33602"}],"wp:attachment":[{"href":"https:\/\/nearshore-it.eu\/pl\/wp-json\/wp\/v2\/media?parent=33601"}],"wp:term":[{"taxonomy":"fupi_page_labels","embeddable":true,"href":"https:\/\/nearshore-it.eu\/pl\/wp-json\/wp\/v2\/fupi_page_labels?post=33601"}],"curies":[{"name":"wp","href":"https:\/\/api.w.org\/{rel}","templated":true}]}}