{"id":33651,"date":"2022-09-19T10:42:06","date_gmt":"2022-09-19T08:42:06","guid":{"rendered":"https:\/\/nearshore-it.eu\/?page_id=33651"},"modified":"2024-10-23T15:56:09","modified_gmt":"2024-10-23T13:56:09","slug":"kontakt","status":"publish","type":"page","link":"https:\/\/nearshore-it.eu\/pl\/kontakt\/","title":{"rendered":"Kontakt"},"content":{"rendered":"<section class=\"banner-hero\">\r\n    <div class=\"image\">\r\n        <img decoding=\"async\" src=\"https:\/\/nearshore-it.eu\/wp-content\/uploads\/2018\/11\/hero-jcommerce-software-house-contact-us-1200.jpg\" alt=\"\" title=\"\">\r\n    <\/div>\r\n    <div class=\"container\">\r\n        <div class=\"content-box\">\r\n            <div class=\"box\">\r\n\t\t\t\t<p class=\"entry-title\">Kontakt<\/p>\n<h1>Skontaktuj si\u0119 z nami<\/h1>\n\r\n\t\t\t\t\r\n\t\t\t\t                    <form action=\"\" class=\"newsletter-controller-side\" data-newsletter-media-form-status=\"check\" data-newsletter-media-form=\"container\" method=\"POST\">\r\n                        <input type=\"hidden\" name=\"redirectTo\" value=\"https:\/\/nearshore-it.eu\/pl\/kontakt\/\">\r\n                        <div data-newsletter-media-form=\"loader\" style=\"display: none\">\r\n                            <button href=\"\" class=\"btn btn-red btn-arrow newsletter-processing\">Uzyskaj dost\u0119p<\/button>\r\n                        <\/div>\r\n                        <div class=\"form-wrapper\" data-newsletter-media-form=\"check\">\r\n                            <div class=\"form-group\">\r\n                                <input class=\"form-jc white\" type=\"email\" name=\"email\" id=\"\" required placeholder=\"\">\r\n                            <\/div>\r\n                            <button type=\"submit\" class=\"btn btn-red btn-arrow\"><\/button>\r\n                        <\/div>\r\n                    <\/form>\r\n\t\t\t\t            <\/div>\r\n        <\/div>\r\n    <\/div>\r\n<\/section>\n\n\n<div style=\"height:50px\" aria-hidden=\"true\" class=\"wp-block-spacer\"><\/div>\n\n\n<section class=\"ns-numbers\">\n    <div class=\"container\">\n        <div class=\"content\">\n                        <div class=\"item\">\n                <p class=\"number\">6<\/p>\n                <p class=\"text\">Lokalizacji centr\u00f3w kompetencyjnych w Polsce<\/p>\n            <\/div>\n                        <div class=\"item\">\n                <p class=\"number\">+650<\/p>\n                <p class=\"text\">Specjalist\u00f3w IT na pok\u0142adzie Inetum Polska.<\/p>\n            <\/div>\n                        <div class=\"item\">\n                <p class=\"number\">+25<\/p>\n                <p class=\"text\">Lat do\u015bwiadczenia<\/p>\n            <\/div>\n                        <div class=\"item\">\n                <p class=\"number\">28 000<\/p>\n                <p class=\"text\">Konsultant\u00f3w globalnie na pok\u0142adzie Inetum<\/p>\n            <\/div>\n                    <\/div>\n    <\/div>\n<\/section>\n\n\n\n<div style=\"height:92px\" aria-hidden=\"true\" class=\"wp-block-spacer\"><\/div>\n\n\n\n<div style=\"height:50px\" aria-hidden=\"true\" class=\"wp-block-spacer mobile\"><\/div>\n\n\n\n<div class=\"wp-block-columns container is-layout-flex wp-container-core-columns-is-layout-9d6595d7 wp-block-columns-is-layout-flex\">\n<div class=\"wp-block-column is-layout-flow wp-block-column-is-layout-flow\">\n<div style=\"height:20px\" aria-hidden=\"true\" class=\"wp-block-spacer\"><\/div>\n\n\n<div class=\"offices-list\">\n\t<div class=\"headquarters\">\n\t\t<h2>Headquarters<\/h2>\n\t\t\t\t\t<ul class=\"list-ns\">\n\t\t\t\t<li data-name=\"office-container\">\n\t\t\t\t\t<span \n\t\t\t\t\t\tclass=\"blue-text\"\n\t\t\t\t\t\tdata-name=\"office-header\"\n\t\t\t\t\t\tdata-lat=\"52.18578634785716\"\n\t\t\t\t\t\tdata-lng=\"21.004213697593073\"\t\n\t\t\t\t\t>\n\t\t\t\t\t\tWarszawa\t\t\t\t\t<\/span>\n\t\t\t\t\tUl. Wo\u0142oska 24<br>\r\nbudynek B, pi\u0119tro VI<br>\r\n02-675 Warszawa<br>\r\ntel.: +48 22 31 46 000\t\t\t\t<\/li>\n\t\t\t<\/ul>\n\t\t\t<\/div>\n\t<div class=\"offices-others\">\n\t\t<h2>Offices<\/h2>\n\t\t<ul class=\"list-ns\">\n\t\t\t\t\t\t\t<li data-name=\"office-container\">\n\t\t\t\t\t<span \n\t\t\t\t\t\tclass=\"blue-text\"\n\t\t\t\t\t\tdata-name=\"office-header\"\n\t\t\t\t\t\tdata-lat=\"50.2251\"\n\t\t\t\t\t\tdata-lng=\"18.9881\"\t\n\t\t\t\t\t>\n\t\t\t\t\t\tKatowice\t\t\t\t\t<\/span>\n\t\t\t\t\tul. Tadeusza Ko\u015bciuszki 227<br>\r\n40-600 Katowice<br>\r\ntel.: +48 32 201 15 32\t\t\t\t<\/li>\n\t\t\t\t\t\t\t<li data-name=\"office-container\">\n\t\t\t\t\t<span \n\t\t\t\t\t\tclass=\"blue-text\"\n\t\t\t\t\t\tdata-name=\"office-header\"\n\t\t\t\t\t\tdata-lat=\"52.3824\"\n\t\t\t\t\t\tdata-lng=\"16.9389\"\t\n\t\t\t\t\t>\n\t\t\t\t\t\tPozna\u0144\t\t\t\t\t<\/span>\n\t\t\t\t\tul. Baraniaka 88b<br>\r\nbudynek C, pi\u0119tro IV<br>\r\n61-131 Pozna\u0144<br>\r\ntel.: +48 22 31 46 000\t\t\t\t<\/li>\n\t\t\t\t\t\t\t<li data-name=\"office-container\">\n\t\t\t\t\t<span \n\t\t\t\t\t\tclass=\"blue-text\"\n\t\t\t\t\t\tdata-name=\"office-header\"\n\t\t\t\t\t\tdata-lat=\"50.0292\"\n\t\t\t\t\t\tdata-lng=\"22.034\"\t\n\t\t\t\t\t>\n\t\t\t\t\t\tRzesz\u00f3w\t\t\t\t\t<\/span>\n\t\t\t\t\tul. Armii Krajowej 80<br>\r\nBudynek Centrum 2000, pi\u0119tro III<br>\r\n35-304 Rzesz\u00f3w<br>\r\ntel.: +48 32 201 15 32\t\t\t\t<\/li>\n\t\t\t\t\t\t\t<li data-name=\"office-container\">\n\t\t\t\t\t<span \n\t\t\t\t\t\tclass=\"blue-text\"\n\t\t\t\t\t\tdata-name=\"office-header\"\n\t\t\t\t\t\tdata-lat=\"51.74394434863446\"\n\t\t\t\t\t\tdata-lng=\"19.452171031392233\"\t\n\t\t\t\t\t>\n\t\t\t\t\t\t\u0141\u00f3d\u017a\t\t\t\t\t<\/span>\n\t\t\t\t\tul. Wr\u00f3blewskiego 18<br>\r\npok\u00f3j 211<br>\r\n93-578 \u0141\u00f3d\u017a<br>\r\ntel.: +48 22 31 46 000\t\t\t\t<\/li>\n\t\t\t\t\t\t\t<li data-name=\"office-container\">\n\t\t\t\t\t<span \n\t\t\t\t\t\tclass=\"blue-text\"\n\t\t\t\t\t\tdata-name=\"office-header\"\n\t\t\t\t\t\tdata-lat=\"51.233778660376096\"\n\t\t\t\t\t\tdata-lng=\"22.6056174406452\"\t\n\t\t\t\t\t>\n\t\t\t\t\t\tLublin\t\t\t\t\t<\/span>\n\t\t\t\t\tal. Witosa 16<br>\r\n20-315 Lublin<br>\r\ntel.: +48 22 31 46 000\t\t\t\t<\/li>\n\t\t\t\t\t<\/ul>\n\t<\/div>\n<\/div><\/div>\n\n\n\n<div class=\"wp-block-column is-layout-flow wp-block-column-is-layout-flow\">\n\n<div class=\"wpcf7 no-js\" id=\"wpcf7-f33655-o1\" lang=\"pl-PL\" dir=\"ltr\" data-wpcf7-id=\"33655\">\n<div class=\"screen-reader-response\"><p role=\"status\" aria-live=\"polite\" aria-atomic=\"true\"><\/p> <ul><\/ul><\/div>\n<form action=\"\/pl\/wp-json\/wp\/v2\/pages\/33651#wpcf7-f33655-o1\" method=\"post\" class=\"wpcf7-form init cf7mls-no-scroll cf7mls-auto-return-first-step cf7mls-no-moving-animation\" aria-label=\"Formularz kontaktowy\" novalidate=\"novalidate\" data-status=\"init\">\n<fieldset class=\"hidden-fields-container\"><input type=\"hidden\" name=\"_wpcf7\" value=\"33655\" \/><input type=\"hidden\" name=\"_wpcf7_version\" value=\"6.1.4\" \/><input type=\"hidden\" name=\"_wpcf7_locale\" value=\"pl_PL\" \/><input type=\"hidden\" name=\"_wpcf7_unit_tag\" value=\"wpcf7-f33655-o1\" \/><input type=\"hidden\" name=\"_wpcf7_container_post\" value=\"0\" \/><input type=\"hidden\" name=\"_wpcf7_posted_data_hash\" value=\"\" \/>\n<\/fieldset>\n<div class=\"contact-form\">\n\t<div class=\"form-group\">\n\t\t<p><label for=\"contactName\">Imi\u0119<\/label><span class=\"wpcf7-form-control-wrap\" data-name=\"sf_1067333_232668pi_1067333_232668\"><input size=\"40\" maxlength=\"400\" class=\"wpcf7-form-control wpcf7-text wpcf7-validates-as-required form-jc\" id=\"contactName\" aria-required=\"true\" aria-invalid=\"false\" placeholder=\"Imi\u0119\" value=\"\" type=\"text\" name=\"sf_1067333_232668pi_1067333_232668\" \/><\/span>\n\t\t<\/p>\n\t<\/div>\n\t<div class=\"form-group\">\n\t\t<p><label for=\"contactName\">Nazwisko<\/label><span class=\"wpcf7-form-control-wrap\" data-name=\"sf_1067333_232671pi_1067333_232671\"><input size=\"40\" maxlength=\"400\" class=\"wpcf7-form-control wpcf7-text wpcf7-validates-as-required form-jc\" aria-required=\"true\" aria-invalid=\"false\" placeholder=\"Nazwisko\" value=\"\" type=\"text\" name=\"sf_1067333_232671pi_1067333_232671\" \/><\/span>\n\t\t<\/p>\n\t<\/div>\n\t<div class=\"form-group\">\n\t\t<p><label for=\"contactCompany\">Firma<\/label><span class=\"wpcf7-form-control-wrap\" data-name=\"sf_1067333_232680pi_1067333_232680\"><input size=\"40\" maxlength=\"400\" class=\"wpcf7-form-control wpcf7-text wpcf7-validates-as-required form-jc\" id=\"contactCompany\" aria-required=\"true\" aria-invalid=\"false\" placeholder=\"Firma\" value=\"\" type=\"text\" name=\"sf_1067333_232680pi_1067333_232680\" \/><\/span>\n\t\t<\/p>\n\t<\/div>\n\t<div class=\"form-group\">\n\t\t<p><label for=\"contactEmail1\">Email<\/label><span class=\"wpcf7-form-control-wrap\" data-name=\"sf_1067333_232674pi_1067333_232674\"><input size=\"40\" maxlength=\"400\" class=\"wpcf7-form-control wpcf7-email wpcf7-validates-as-required wpcf7-text wpcf7-validates-as-email form-jc\" id=\"contactEmail1\" aria-required=\"true\" aria-invalid=\"false\" placeholder=\"Email\" value=\"\" type=\"email\" name=\"sf_1067333_232674pi_1067333_232674\" \/><\/span>\n\t\t<\/p>\n\t<\/div>\n\t<div class=\"form-group\">\n\t\t<p><label for=\"contacttel-926\">Telefon<\/label><span class=\"wpcf7-form-control-wrap\" data-name=\"sf_1067333_232677pi_1067333_232677\"><input size=\"40\" maxlength=\"400\" class=\"wpcf7-form-control wpcf7-tel wpcf7-validates-as-required wpcf7-text wpcf7-validates-as-tel form-jc\" id=\"contacttel-926\" aria-required=\"true\" aria-invalid=\"false\" placeholder=\"Telefon\" value=\"\" type=\"tel\" name=\"sf_1067333_232677pi_1067333_232677\" \/><\/span>\n\t\t<\/p>\n\t<\/div>\n\t<div class=\"form-group\">\n\t\t<p><label for=\"contactTextarea\">Wiadomo\u015b\u0107<\/label><span class=\"wpcf7-form-control-wrap\" data-name=\"sf_1067333_232683pi_1067333_232683\"><textarea cols=\"40\" rows=\"4\" maxlength=\"2000\" class=\"wpcf7-form-control wpcf7-textarea wpcf7-validates-as-required form-jc\" id=\"contactTextarea\" aria-required=\"true\" aria-invalid=\"false\" placeholder=\"Wiadomo\u015b\u0107\" name=\"sf_1067333_232683pi_1067333_232683\"><\/textarea><\/span>\n\t\t<\/p>\n\t<\/div>\n\t<div class=\"form-group acceptance\">\n\t\t<p><span class=\"wpcf7-form-control-wrap\" data-name=\"sf_1067333_233181pi_1067333_233181_2513712\"><span class=\"wpcf7-form-control wpcf7-acceptance\"><span class=\"wpcf7-list-item\"><input type=\"checkbox\" name=\"sf_1067333_233181pi_1067333_233181_2513712\" value=\"2513712\" aria-invalid=\"false\" \/><\/span><\/span><\/span> Wyra\u017cam zgod\u0119 na przetwarzanie przez Inetum Polska Sp. z o.o. moich danych osobowych (dalej \u201edane osobowe\u201d), takich jak: imi\u0119 i nazwisko, adres e-mail, nr telefonu, firma w celach handlowych.\n\t\t<\/p>\n\t<\/div>\n\t<div class=\"form-group acceptance\">\n\t\t<p><span class=\"wpcf7-form-control-wrap\" data-name=\"sf_1067333_233178pi_1067333_233178_2513709\"><span class=\"wpcf7-form-control wpcf7-acceptance optional\"><span class=\"wpcf7-list-item\"><input type=\"checkbox\" name=\"sf_1067333_233178pi_1067333_233178_2513709\" value=\"2513709\" aria-invalid=\"false\" \/><\/span><\/span><\/span> Wyra\u017cam zgod\u0119 na przetwarzanie przez Inetum Polska Sp. z o.o. moich danych osobowych (dalej \u201edane osobowe\u201d), takich jak: imi\u0119 i nazwisko, adres e-mail, nr telefonu, firma w celach marketingowych. <span id=\"extraConsentHidden\" class=\"extraConsentHidden\" style=\"display: inline-block\"><br \/>\nZosta\u0142em\/ zosta\u0142am poinformowany\/a przez Inetum Polska Sp. z o.o., ul. Ks. Wo\u0142oska 24, 02-675 Warszawa \u2013 administratora danych osobowych \u2013 \u017ce:<br \/>\nPodanie ww. danych osobowych jest dobrowolne, ale niezb\u0119dne do cel\u00f3w handlowych lub marketingowych, je\u017celi wyrazi\u0142em\/ wyrazi\u0142am w tym zakresie zgod\u0119;<br \/>\n- Mam prawo dost\u0119pu do tre\u015bci swoich danych, w tym otrzymania ich kopii oraz ich sprostowania, usuni\u0119cia, ograniczenia przetwarzania, a tak\u017ce prawo do przenoszenia danych, prawo wniesienia sprzeciwu wobec ich przetwarzania oraz prawo do cofni\u0119cia zgody w dowolnym momencie. Wycofanie zgody nie wp\u0142ywa jednak na zgodno\u015b\u0107 z prawem przetwarzania, kt\u00f3rego dokonano na podstawie zgody przed jej wycofaniem;<br \/>\n- O\u015bwiadczenie o wycofaniu zgody na przetwarzanie danych osobowych nale\u017cy z\u0142o\u017cy\u0107 w siedzibie Inetum Polska Sp. z o.o. lub przes\u0142a\u0107 na adres e-mail: rodo@inetum.com. Wycofanie zgody na przetwarzanie danych osobowych skutkowa\u0107 b\u0119dzie brakiem mo\u017cliwo\u015bci realizacji ww. cel\u00f3w przetwarzania;<br \/>\n- Podane dane osobowe b\u0119d\u0105 udost\u0119pniane przez Inetum Polska Sp. z o.o. upowa\u017cnionym pracownikom sp\u00f3\u0142ki oraz osobom wsp\u00f3\u0142pracuj\u0105cym z Inetum Polska Sp. z o.o. na podstawie um\u00f3w cywilnoprawnych, kt\u00f3re s\u0105 zaanga\u017cowane w realizacj\u0119 celu przetwarzania;<br \/>\n- Podane dane b\u0119d\u0105 przetwarzane na podstawie odpowiednich przepis\u00f3w Rozporz\u0105dzenia Parlamentu Europejskiego i Rady (UE) 2016\/679 z dnia 27 kwietnia 2016 r. w sprawie ochrony os\u00f3b fizycznych w zwi\u0105zku z przetwarzaniem danych osobowych i w sprawie swobodnego przep\u0142ywu takich danych oraz uchylenia dyrektywy 95\/46\/WE (og\u00f3lne rozporz\u0105dzenie o ochronie danych), \u201eRODO\u201d;<br \/>\nW przypadku pyta\u0144 dotycz\u0105cych ochrony danych osobowych prosimy o kontakt na adres e-mail: rodo@inetum.com;<br \/>\n- Podane dane osobowe b\u0119d\u0105 przetwarzane tak d\u0142ugo, jak jest to niezb\u0119dne do realizacji celu, dla kt\u00f3rego zosta\u0142y podane, lub do czasu wyra\u017cenia przeze mnie sprzeciwu w tym zakresie. W przypadku wniesienia sprzeciwu Inetum Polska Sp. z o.o. zaprzestanie przetwarzania moich danych osobowych w ww. celach, chyba \u017ce b\u0119dzie w stanie wykaza\u0107, \u017ce w stosunku do moich danych istniej\u0105 dla Inetum Polska Sp. z o.o. wa\u017cne i prawnie uzasadnione podstawy, kt\u00f3re s\u0105 nadrz\u0119dne wobec moich interes\u00f3w, praw i wolno\u015bci, lub moje dane b\u0119d\u0105 niezb\u0119dne do ewentualnego ustalenia, dochodzenia lub obrony roszcze\u0144;<br \/>\n- Mam prawo wniesienia skargi do organu nadzorczego, gdy uznam, i\u017c przetwarzanie ww. danych osobowych narusza przepisy og\u00f3lnego rozporz\u0105dzenia o ochronie danych osobowych z dnia 27 kwietnia 2016 r. <\/span><a href=\"#extraConsentHidden\" class=\"extraConsentButton\" data-text1=\"Rozwi\u0144\" data-text2=\"Zwi\u0144\">Zwi\u0144<\/a>\n\t\t<\/p>\n\t<\/div>\n<div class=\"wpcf7-turnstile cf-turnstile\" data-sitekey=\"0x4AAAAAABkoUN4r6_kcZDfV\" data-response-field-name=\"_wpcf7_turnstile_response\"><\/div>\n\t<div class=\"form-group acceptance\">\n\t<input class=\"wpcf7-form-control wpcf7-hidden\" value=\"\u2603\" type=\"hidden\" name=\"sf__utf8\" \/>\n\t<input class=\"wpcf7-form-control wpcf7-hidden\" value=\"\" type=\"hidden\" name=\"sf_hiddenDependentFields\" \/>\n\t<input class=\"wpcf7-form-control wpcf7-hidden\" value=\"https:\/\/engage.inetum.com\/l\/1067333\/2024-05-21\/3swdz7\" type=\"hidden\" name=\"sf__action\" \/>\n\t\t<p><input class=\"wpcf7-form-control wpcf7-submit has-spinner btn btn-red btn-arrow\" type=\"submit\" value=\"Wy\u015blij formularz\" \/>\n\t\t<\/p>\n\t<\/div>\n<\/div><div class=\"wpcf7-response-output\" aria-hidden=\"true\"><\/div>\n<\/form>\n<\/div>\n\n<\/div>\n<\/div>\n\n\n    <div>\n        <div id=\"map\" class=\"map\"><\/div>\n    <\/div>\n    <script>\n        var map;\n\n        function loadMap(lat = 52.18590771719285, lng = 21.00423335590147, zoom = 6.6) {\n            map = new google.maps.Map(document.getElementById('map'), {\n                center: {lat: lat, lng: lng},\n                zoom: zoom,\n                styles: [\n                    {\n                        \"featureType\": \"administrative\",\n                        \"elementType\": \"labels.text.fill\",\n                        \"stylers\": [\n                            {\n                                \"color\": \"#444444\"\n                            }\n                        ]\n                    },\n                    {\n                        \"featureType\": \"landscape\",\n                        \"elementType\": \"all\",\n                        \"stylers\": [\n                            {\n                                \"color\": \"#f2f2f2\"\n                            }\n                        ]\n                    },\n                    {\n                        \"featureType\": \"poi\",\n                        \"elementType\": \"all\",\n                        \"stylers\": [\n                            {\n                                \"visibility\": \"off\"\n                            }\n                        ]\n                    },\n                    {\n                        \"featureType\": \"road\",\n                        \"elementType\": \"all\",\n                        \"stylers\": [\n                            {\n                                \"saturation\": -100\n                            },\n                            {\n                                \"lightness\": 45\n                            }\n                        ]\n                    },\n                    {\n                        \"featureType\": \"road.highway\",\n                        \"elementType\": \"all\",\n                        \"stylers\": [\n                            {\n                                \"visibility\": \"simplified\"\n                            }\n                        ]\n                    },\n                    {\n                        \"featureType\": \"road.arterial\",\n                        \"elementType\": \"labels.icon\",\n                        \"stylers\": [\n                            {\n                                \"visibility\": \"off\"\n                            }\n                        ]\n                    },\n                    {\n                        \"featureType\": \"transit\",\n                        \"elementType\": \"all\",\n                        \"stylers\": [\n                            {\n                                \"visibility\": \"off\"\n                            }\n                        ]\n                    },\n                    {\n                        \"featureType\": \"water\",\n                        \"elementType\": \"all\",\n                        \"stylers\": [\n                            {\n                                \"color\": \"#46bcec\"\n                            },\n                            {\n                                \"visibility\": \"on\"\n                            }\n                        ]\n                    }\n                ]\n            });\n\n            \/\/ let marker = new google.maps.Marker({\n                \/\/ lat = 50.2690, lng = 19.0093\n            \/\/     position: {lat: lat, lng: lng},\n            \/\/     map: map,\n            \/\/     title: 'JCommerce'\n            \/\/ });\n\n            let marker2 = new google.maps.Marker({\n                position: {lat: 50.22515927730126, lng: 18.987678364917645},\n                map: map,\n                title: 'JCommerce Sp. z o.o.'\n            });\n\n            let marker3 = new google.maps.Marker({\n                position: {lat: 50.268972347307496, lng: 19.00928418256476},\n                map: map,\n                title: 'JCommerce Sp. z o.o. Siedziba G\u0142\u00f3wna'\n            });\n            \n            let marker4 = new google.maps.Marker({\n                \/\/ position: {lat: 52.18590771719285, lng: 21.00423335590147},\n                position: {lat: lat, lng: lng},\n                map: map,\n                title: 'Inetum Polska Sp. z o.o.'\n            });\n\n            let marker5 = new google.maps.Marker({\n                position: {lat: 52.38214003369804, lng: 16.939006348736736},\n                map: map,\n                title: 'JCommerce'\n            });\n\n            let marker6 = new google.maps.Marker({\n                position: {lat: 52.402305633316914, lng: 16.95531616482479},\n                map: map,\n                title: 'Inetum'\n            });\n\n            let marker7 = new google.maps.Marker({\n                position: {lat: 50.029236528794904, lng: 22.034047338209025},\n                map: map,\n                title: 'JCommerce Sp. z o.o. Rzesz\u00f3w'\n            });\n            \n            \/\/ let marker7 = new google.maps.Marker({\n            \/\/     position: {lat: 50.029236528794904, lng: 22.034047338209025},\n            \/\/     map: map,\n            \/\/     title: 'JCommerce Sp. z o.o. Rzesz\u00f3w'\n            \/\/ });\n\n        }\n\n        function goToLocation(office) {\n            var lat = parseFloat(office.getAttribute(\"data-lat\")) || 50.2690;\n            var lng = parseFloat(office.getAttribute(\"data-lng\")) || 19.0093;\n\n            $([document.documentElement, document.body]).animate({\n                scrollTop: $(\"#map\").offset().top - 80\n            }, 300);\n\n            document.querySelectorAll(\"[data-name='office-container']\").forEach(function(container) {\n                $(container).addClass(\"disabled\");\n            });\n            $(office.parentNode).removeClass(\"disabled\");\n\n            loadMap(lat, lng, 15);\n        }\n\n        function initGoogleMAP(){\n            \/\/ loadMap(50.2690, 19.0093);\n            \/\/ setTimeout(function(){\n            \/\/     loadMap(50.2690, 19.0093);\n            \/\/ },1000);\n            loadMap(52.18590771719285, 21.00423335590147, 6.6);\n            setTimeout(function(){\n                loadMap(52.18590771719285, 21.00423335590147, 6.6);\n            },1000);\n        }\n        document.querySelectorAll(\"[data-name='office-header']\").forEach(function(office) {\n            office.addEventListener(\"click\", function() { goToLocation(office) });\n        });\n    <\/script>\n    <script\n        async\n        src=\"https:\/\/maps.googleapis.com\/maps\/api\/js?libraries=geometry&#038;sensor=false&#038;key=AIzaSyAIOcXSS9VkwT2S3OgoFGjhCIKRGi7O38A&#038;callback=initGoogleMAP\">\n    <\/script>","protected":false},"excerpt":{"rendered":"","protected":false},"author":89,"featured_media":0,"parent":0,"menu_order":0,"comment_status":"closed","ping_status":"closed","template":"page-new.php","meta":{"_acf_changed":false,"iawp_total_views":1316,"footnotes":""},"fupi_page_labels":[],"class_list":["post-33651","page","type-page","status-publish","hentry"],"acf":[],"_links":{"self":[{"href":"https:\/\/nearshore-it.eu\/pl\/wp-json\/wp\/v2\/pages\/33651","targetHints":{"allow":["GET"]}}],"collection":[{"href":"https:\/\/nearshore-it.eu\/pl\/wp-json\/wp\/v2\/pages"}],"about":[{"href":"https:\/\/nearshore-it.eu\/pl\/wp-json\/wp\/v2\/types\/page"}],"author":[{"embeddable":true,"href":"https:\/\/nearshore-it.eu\/pl\/wp-json\/wp\/v2\/users\/89"}],"replies":[{"embeddable":true,"href":"https:\/\/nearshore-it.eu\/pl\/wp-json\/wp\/v2\/comments?post=33651"}],"version-history":[{"count":2,"href":"https:\/\/nearshore-it.eu\/pl\/wp-json\/wp\/v2\/pages\/33651\/revisions"}],"predecessor-version":[{"id":37599,"href":"https:\/\/nearshore-it.eu\/pl\/wp-json\/wp\/v2\/pages\/33651\/revisions\/37599"}],"wp:attachment":[{"href":"https:\/\/nearshore-it.eu\/pl\/wp-json\/wp\/v2\/media?parent=33651"}],"wp:term":[{"taxonomy":"fupi_page_labels","embeddable":true,"href":"https:\/\/nearshore-it.eu\/pl\/wp-json\/wp\/v2\/fupi_page_labels?post=33651"}],"curies":[{"name":"wp","href":"https:\/\/api.w.org\/{rel}","templated":true}]}}